{"id":1389,"date":"2019-02-06T13:12:45","date_gmt":"2019-02-06T13:12:45","guid":{"rendered":"https:\/\/neo.growmat.eu\/?page_id=1389"},"modified":"2019-02-06T13:12:45","modified_gmt":"2019-02-06T13:12:45","slug":"contact","status":"publish","type":"page","link":"https:\/\/growmat.eu\/es\/contact\/","title":{"rendered":"Contact"},"content":{"rendered":"<section class=\"wpb-content-wrapper\"><p>[vc_row full_width=\u00bbstretch_row_content_no_spaces\u00bb][vc_column reveal_effect=\u00bbfadeIn\u00bb reveal_duration=\u00bb0.1&#8243; reveal_delay=\u00bb0.1&#8243;][lab_google_map zoom=\u00bb18&#8243; map_controls=\u00bbpanControl,zoomControl,mapTypeControl,scaleControl,streetViewControl\u00bb map_type=\u00bbhybrid\u00bb map_tilt=\u00bb45&#8243;][lab_google_map_location marker_image=\u00bb53&#8243; latitude=\u00bb43.3047175&#8243; longitude=\u00bb-2.0165765&#8243;][\/lab_google_map][\/vc_column][\/vc_row][vc_row][vc_column width=\u00bb2\/3&#8243; reveal_effect=\u00bbfadeIn\u00bb reveal_duration=\u00bb1&#8243; reveal_delay=\u00bb0.3&#8243;]<script type=\"text\/javascript\">var gform;gform||(document.addEventListener(\"gform_main_scripts_loaded\",function(){gform.scriptsLoaded=!0}),window.addEventListener(\"DOMContentLoaded\",function(){gform.domLoaded=!0}),gform={domLoaded:!1,scriptsLoaded:!1,initializeOnLoaded:function(o){gform.domLoaded&&gform.scriptsLoaded?o():!gform.domLoaded&&gform.scriptsLoaded?window.addEventListener(\"DOMContentLoaded\",o):document.addEventListener(\"gform_main_scripts_loaded\",o)},hooks:{action:{},filter:{}},addAction:function(o,n,r,t){gform.addHook(\"action\",o,n,r,t)},addFilter:function(o,n,r,t){gform.addHook(\"filter\",o,n,r,t)},doAction:function(o){gform.doHook(\"action\",o,arguments)},applyFilters:function(o){return gform.doHook(\"filter\",o,arguments)},removeAction:function(o,n){gform.removeHook(\"action\",o,n)},removeFilter:function(o,n,r){gform.removeHook(\"filter\",o,n,r)},addHook:function(o,n,r,t,i){null==gform.hooks[o][n]&&(gform.hooks[o][n]=[]);var e=gform.hooks[o][n];null==i&&(i=n+\"_\"+e.length),gform.hooks[o][n].push({tag:i,callable:r,priority:t=null==t?10:t})},doHook:function(n,o,r){var t;if(r=Array.prototype.slice.call(r,1),null!=gform.hooks[n][o]&&((o=gform.hooks[n][o]).sort(function(o,n){return o.priority-n.priority}),o.forEach(function(o){\"function\"!=typeof(t=o.callable)&&(t=window[t]),\"action\"==n?t.apply(null,r):r[0]=t.apply(null,r)})),\"filter\"==n)return r[0]},removeHook:function(o,n,t,i){var r;null!=gform.hooks[o][n]&&(r=(r=gform.hooks[o][n]).filter(function(o,n,r){return!!(null!=i&&i!=o.tag||null!=t&&t!=o.priority)}),gform.hooks[o][n]=r)}});<\/script>\n                <div class='gf_browser_gecko gform_wrapper gform_legacy_markup_wrapper gform-theme--no-framework' data-form-theme='legacy' data-form-index='0' id='gform_wrapper_8' style='display:none'><div id='gf_8' class='gform_anchor' tabindex='-1'><\/div><form method='post' enctype='multipart\/form-data' target='gform_ajax_frame_8' id='gform_8'  action='\/es\/wp-json\/wp\/v2\/pages\/1389#gf_8' data-formid='8' >\n                        <div class='gform-body gform_body'><ul id='gform_fields_8' class='gform_fields top_label form_sublabel_below description_below'><li id=\"field_8_1\"  class=\"gfield gfield--type-name gfield_contains_required field_sublabel_below gfield--no-description field_description_below gfield_visibility_visible\"  data-js-reload=\"field_8_1\"><label class='gfield_label gform-field-label gfield_label_before_complex'  >Nombre<span class=\"gfield_required\"><span class=\"gfield_required gfield_required_asterisk\">*<\/span><\/span><\/label><div class='ginput_complex ginput_container ginput_container--name no_prefix has_first_name no_middle_name has_last_name no_suffix gf_name_has_2 ginput_container_name gform-grid-row' id='input_8_1'>\n                            \n                            <span id='input_8_1_3_container' class='name_first gform-grid-col gform-grid-col--size-auto' >\n                                                    <input type='text' name='input_1.3' id='input_8_1_3' value=''   aria-required='true'     \/>\n                                                    <label for='input_8_1_3' class='gform-field-label gform-field-label--type-sub '>Nombre<\/label>\n                                                <\/span>\n                            \n                            <span id='input_8_1_6_container' class='name_last gform-grid-col gform-grid-col--size-auto' >\n                                                    <input type='text' name='input_1.6' id='input_8_1_6' value=''   aria-required='true'     \/>\n                                                    <label for='input_8_1_6' class='gform-field-label gform-field-label--type-sub '>Apellido<\/label>\n                                                <\/span>\n                            \n                        <\/div><\/li><li id=\"field_8_2\"  class=\"gfield gfield--type-email gf_left_half gfield_contains_required field_sublabel_below gfield--no-description field_description_below gfield_visibility_visible\"  data-js-reload=\"field_8_2\"><label class='gfield_label gform-field-label' for='input_8_2' >Email<span class=\"gfield_required\"><span class=\"gfield_required gfield_required_asterisk\">*<\/span><\/span><\/label><div class='ginput_container ginput_container_email'>\n                            <input name='input_2' id='input_8_2' type='text' value='' class='medium'    aria-required=\"true\" aria-invalid=\"false\"  \/>\n                        <\/div><\/li><li id=\"field_8_6\"  class=\"gfield gfield--type-phone gf_right_half gfield_contains_required field_sublabel_below gfield--no-description field_description_below gfield_visibility_visible\"  data-js-reload=\"field_8_6\"><label class='gfield_label gform-field-label' for='input_8_6' >Tel\u00e9fono<span class=\"gfield_required\"><span class=\"gfield_required gfield_required_asterisk\">*<\/span><\/span><\/label><div class='ginput_container ginput_container_phone'><input name='input_6' id='input_8_6' type='text' value='' class='medium'   aria-required=\"true\" aria-invalid=\"false\"   \/><\/div><\/li><li id=\"field_8_3\"  class=\"gfield gfield--type-textarea gf_left_half gfield_contains_required field_sublabel_below gfield--no-description field_description_below gfield_visibility_visible\"  data-js-reload=\"field_8_3\"><label class='gfield_label gform-field-label' for='input_8_3' >Mensaje<span class=\"gfield_required\"><span class=\"gfield_required gfield_required_asterisk\">*<\/span><\/span><\/label><div class='ginput_container ginput_container_textarea'><textarea name='input_3' id='input_8_3' class='textarea medium'   maxlength='180'  aria-required=\"true\" aria-invalid=\"false\"   rows='10' cols='50'><\/textarea><\/div><\/li><li id=\"field_8_4\"  class=\"gfield gfield--type-radio gfield--type-choice gf_left_half gfield_contains_required field_sublabel_below gfield--has-description field_description_below gfield_visibility_visible\"  data-js-reload=\"field_8_4\"><label class='gfield_label gform-field-label screen-reader-text'  >Tengo m\u00e1s de 18 a\u00f1os y doy mi consentimiento para el uso de la informaci\u00f3n que publico aqu\u00ed para necesidades espec\u00edficas de comunicaci\u00f3n<span class=\"gfield_required\"><span class=\"gfield_required gfield_required_asterisk\">*<\/span><\/span><\/label><div class='ginput_container ginput_container_radio'><ul class='gfield_radio' id='input_8_4'>\n\t\t\t<li class='gchoice gchoice_8_4_0'>\n\t\t\t\t<input name='input_4' type='radio' value='Consiento'  id='choice_8_4_0'    \/>\n\t\t\t\t<label for='choice_8_4_0' id='label_8_4_0' class='gform-field-label gform-field-label--type-inline'>Consiento<\/label>\n\t\t\t<\/li>\n\t\t\t<li class='gchoice gchoice_8_4_1'>\n\t\t\t\t<input name='input_4' type='radio' value='No consiento'  id='choice_8_4_1'    \/>\n\t\t\t\t<label for='choice_8_4_1' id='label_8_4_1' class='gform-field-label gform-field-label--type-inline'>No consiento<\/label>\n\t\t\t<\/li><\/ul><\/div><div class='gfield_description' id='gfield_description_8_4'>Tengo m\u00e1s de 18 a\u00f1os y doy mi consentimiento para el uso de la informaci\u00f3n que publico aqu\u00ed para necesidades espec\u00edficas de comunicaci\u00f3n<\/div><\/li><\/ul><\/div>\n        <div class='gform_footer top_label'> <input type='submit' id='gform_submit_button_8' class='gform_button button' value='Enviar mensaje'  onclick='if(window[\"gf_submitting_8\"]){return false;}  window[\"gf_submitting_8\"]=true;  ' onkeypress='if( event.keyCode == 13 ){ if(window[\"gf_submitting_8\"]){return false;} window[\"gf_submitting_8\"]=true;  jQuery(\"#gform_8\").trigger(\"submit\",[true]); }' \/> <input type='hidden' name='gform_ajax' value='form_id=8&amp;title=&amp;description=&amp;tabindex=0&amp;theme=data-form-theme=&#039;legacy&#039;' \/>\n            <input type='hidden' class='gform_hidden' name='is_submit_8' value='1' \/>\n            <input type='hidden' class='gform_hidden' name='gform_submit' value='8' \/>\n            \n            <input type='hidden' class='gform_hidden' name='gform_unique_id' value='' \/>\n            <input type='hidden' class='gform_hidden' name='state_8' value='WyJbXSIsImYwMTFkNzg0MTVkOGIwYjExNTJhYzY1ZDY0OWNkZjZhIl0=' \/>\n            <input type='hidden' class='gform_hidden' name='gform_target_page_number_8' id='gform_target_page_number_8' value='0' \/>\n            <input type='hidden' class='gform_hidden' name='gform_source_page_number_8' id='gform_source_page_number_8' value='1' \/>\n            <input type='hidden' name='gform_field_values' value='' \/>\n            \n        <\/div>\n                        <p style=\"display: none !important;\"><label>&#916;<textarea name=\"ak_hp_textarea\" cols=\"45\" rows=\"8\" maxlength=\"100\"><\/textarea><\/label><input type=\"hidden\" id=\"ak_js_1\" name=\"ak_js\" value=\"18\"\/><script>document.getElementById( \"ak_js_1\" ).setAttribute( \"value\", ( new Date() ).getTime() );<\/script><\/p><\/form>\n                        <\/div>\n\t\t                <iframe style='display:none;width:0px;height:0px;' src='about:blank' name='gform_ajax_frame_8' id='gform_ajax_frame_8' title='Este iframe contiene la l\u00f3gica necesaria para gestionar formularios con ajax activado.'><\/iframe>\n\t\t                <script type=\"text\/javascript\">\ngform.initializeOnLoaded( function() {gformInitSpinner( 8, 'https:\/\/growmat.eu\/wp-content\/plugins\/gravityforms\/images\/spinner.svg', true );jQuery('#gform_ajax_frame_8').on('load',function(){var contents = jQuery(this).contents().find('*').html();var is_postback = contents.indexOf('GF_AJAX_POSTBACK') >= 0;if(!is_postback){return;}var form_content = jQuery(this).contents().find('#gform_wrapper_8');var is_confirmation = jQuery(this).contents().find('#gform_confirmation_wrapper_8').length > 0;var is_redirect = contents.indexOf('gformRedirect(){') >= 0;var is_form = form_content.length > 0 && ! is_redirect && ! is_confirmation;var mt = parseInt(jQuery('html').css('margin-top'), 10) + parseInt(jQuery('body').css('margin-top'), 10) + 100;if(is_form){jQuery('#gform_wrapper_8').html(form_content.html());if(form_content.hasClass('gform_validation_error')){jQuery('#gform_wrapper_8').addClass('gform_validation_error');} else {jQuery('#gform_wrapper_8').removeClass('gform_validation_error');}setTimeout( function() { \/* delay the scroll by 50 milliseconds to fix a bug in chrome *\/ jQuery(document).scrollTop(jQuery('#gform_wrapper_8').offset().top - mt); }, 50 );if(window['gformInitDatepicker']) {gformInitDatepicker();}if(window['gformInitPriceFields']) {gformInitPriceFields();}var current_page = jQuery('#gform_source_page_number_8').val();gformInitSpinner( 8, 'https:\/\/growmat.eu\/wp-content\/plugins\/gravityforms\/images\/spinner.svg', true );jQuery(document).trigger('gform_page_loaded', [8, current_page]);window['gf_submitting_8'] = false;}else if(!is_redirect){var confirmation_content = jQuery(this).contents().find('.GF_AJAX_POSTBACK').html();if(!confirmation_content){confirmation_content = contents;}setTimeout(function(){jQuery('#gform_wrapper_8').replaceWith(confirmation_content);jQuery(document).scrollTop(jQuery('#gf_8').offset().top - mt);jQuery(document).trigger('gform_confirmation_loaded', [8]);window['gf_submitting_8'] = false;wp.a11y.speak(jQuery('#gform_confirmation_message_8').text());}, 50);}else{jQuery('#gform_8').append(contents);if(window['gformRedirect']) {gformRedirect();}}jQuery(document).trigger('gform_post_render', [8, current_page]);gform.utils.trigger({ event: 'gform\/postRender', native: false, data: { formId: 8, currentPage: current_page } });} );} );\n<\/script>\n[\/vc_column][vc_column width=\u00bb1\/3&#8243; reveal_effect=\u00bbfadeIn\u00bb reveal_duration=\u00bb1&#8243; reveal_delay=\u00bb0.5&#8243;][vc_empty_space][vc_column_text]<\/p>\n<h3><strong>Contacto.<\/strong><\/h3>\n<p>&nbsp;<\/p>\n<p>Escr\u00edbir un correo electr\u00f3nico a trav\u00e9s del formulario,<br \/>\no simplemente enviar directamente un correo electr\u00f3nico a<br \/>\n<a href=\"mailto:hello@growmat.eu\">hello@growmat.eu<\/a>[\/vc_column_text][vc_empty_space][vc_column_text]<\/p>\n<h3><strong>Nuestra direcci\u00f3n.<\/strong><\/h3>\n<p>&nbsp;<\/p>\n<p>PASEO DE BERIO 50<br \/>\n20018, DONOSTIA-SAN SEBASTIAN<br \/>\nPais Vasco, Spain[\/vc_column_text][vc_empty_space][\/vc_column][\/vc_row][vc_row][vc_column][lab_text_autotype typed_text=\u00bb<\/p>\n<h2>GROWMAT*est\u00e1 formado por 9 organizaciones; est\u00e1 compusto por 6 pa\u00edses de la UE*<\/h2>\n<p>\u00bb typed_show_options=\u00bbyes\u00bb typed_options_loopcount=\u00bb-1&#8243; typed_options_typespeed=\u00bb100&#8243; typed_options_backspeed=\u00bb100&#8243; typed_options_backdelay=\u00bb200&#8243;][vc_empty_space height=\u00bb50px\u00bb][\/vc_column][\/vc_row][vc_row][vc_column][lab_team_members layout_type=\u00bbtitles-inside\u00bb][lab_team_members_member image=\u00bb21&#8243; name=\u00bbCDEA\u00bb link=\u00bburl:http%3A%2F%2Fwww.cebanc.com||target:%20_blank|\u00bb][lab_team_members_member image=\u00bb41&#8243; name=\u00bbLearning South West\u00bb link=\u00bburl:http%3A%2F%2Fwww.bridgwater.ac.uk||target:%20_blank|\u00bb][lab_team_members_member image=\u00bb66&#8243; name=\u00bbp-consulting.gr\u00bb link=\u00bburl:http%3A%2F%2Fwww.p-consulting.gr||target:%20_blank|\u00bb][\/lab_team_members][lab_team_members layout_type=\u00bbtitles-inside\u00bb][lab_team_members_member image=\u00bb28&#8243; name=\u00bbAge UK\u00bb link=\u00bburl:http%3A%2F%2Fwww.ageukbanes.co.uk||target:%20_blank|\u00bb][lab_team_members_member image=\u00bb27&#8243; name=\u00bbHaaga-Helia\u00bb link=\u00bburl:http%3A%2F%2Fwww.haaga-helia.fi||target:%20_blank|\u00bb][lab_team_members_member image=\u00bb31&#8243; name=\u00bbT2 Consulting\u00bb link=\u00bburl:http%3A%2F%2Fwww.t2consulting.co.uk||target:%20_blank|\u00bb][\/lab_team_members][lab_team_members layout_type=\u00bbtitles-inside\u00bb][lab_team_members_member image=\u00bb22&#8243; name=\u00bbErrotu\u00bb link=\u00bburl:http%3A%2F%2Fwww.errotu.com||target:%20_blank|\u00bb][lab_team_members_member image=\u00bb25&#8243; name=\u00bbSrednja sola za gostinstvo in turizem Maribor\u00bb link=\u00bburl:http%3A%2F%2Fwww.ssgt-mb.si||target:%20_blank|\u00bb][lab_team_members_member image=\u00bb29&#8243; name=\u00bbEfVET\u00bb link=\u00bburl:http%3A%2F%2Fwww.efvet.org||target:%20_blank|\u00bb][\/lab_team_members][vc_empty_space height=\u00bb50px\u00bb][\/vc_column][\/vc_row]<\/p>\n<\/section>","protected":false},"excerpt":{"rendered":"<p>[vc_row full_width=\u00bbstretch_row_content_no_spaces\u00bb][vc_column reveal_effect=\u00bbfadeIn\u00bb reveal_duration=\u00bb0.1&#8243; reveal_delay=\u00bb0.1&#8243;][lab_google_map zoom=\u00bb18&#8243; map_controls=\u00bbpanControl,zoomControl,mapTypeControl,scaleControl,streetViewControl\u00bb map_type=\u00bbhybrid\u00bb map_tilt=\u00bb45&#8243;][lab_google_map_location marker_image=\u00bb53&#8243; latitude=\u00bb43.3047175&#8243; longitude=\u00bb-2.0165765&#8243;][\/lab_google_map][\/vc_column][\/vc_row][vc_row][vc_column width=\u00bb2\/3&#8243; reveal_effect=\u00bbfadeIn\u00bb reveal_duration=\u00bb1&#8243; reveal_delay=\u00bb0.3&#8243;][\/vc_column][vc_column width=\u00bb1\/3&#8243; reveal_effect=\u00bbfadeIn\u00bb reveal_duration=\u00bb1&#8243; reveal_delay=\u00bb0.5&#8243;][vc_empty_space][vc_column_text] Contacto. &nbsp; Escr\u00edbir un correo electr\u00f3nico a trav\u00e9s del formulario, o simplemente enviar directamente un correo electr\u00f3nico a hello@growmat.eu[\/vc_column_text][vc_empty_space][vc_column_text] Nuestra direcci\u00f3n. &nbsp; PASEO DE BERIO 50 20018, DONOSTIA-SAN SEBASTIAN Pais Vasco, Spain[\/vc_column_text][vc_empty_space][\/vc_column][\/vc_row][vc_row][vc_column][lab_text_autotype typed_text=\u00bb GROWMAT*est\u00e1 formado&hellip;<\/p>\n","protected":false},"author":1,"featured_media":0,"parent":0,"menu_order":0,"comment_status":"closed","ping_status":"closed","template":"","meta":[],"acf":[],"yoast_head":"<!-- This site is optimized with the Yoast SEO plugin v20.10 - https:\/\/yoast.com\/wordpress\/plugins\/seo\/ -->\n<title>Contact - Accessible Tourism for Seniors<\/title>\n<meta name=\"robots\" content=\"index, follow, max-snippet:-1, max-image-preview:large, max-video-preview:-1\" \/>\n<link rel=\"canonical\" href=\"https:\/\/growmat.eu\/es\/contact\/\" \/>\n<meta property=\"og:locale\" content=\"es_ES\" \/>\n<meta property=\"og:type\" content=\"article\" \/>\n<meta property=\"og:title\" content=\"Contact - Accessible Tourism for Seniors\" \/>\n<meta property=\"og:description\" content=\"[vc_row full_width=\u00bbstretch_row_content_no_spaces\u00bb][vc_column reveal_effect=\u00bbfadeIn\u00bb reveal_duration=\u00bb0.1&#8243; reveal_delay=\u00bb0.1&#8243;][lab_google_map zoom=\u00bb18&#8243; map_controls=\u00bbpanControl,zoomControl,mapTypeControl,scaleControl,streetViewControl\u00bb map_type=\u00bbhybrid\u00bb map_tilt=\u00bb45&#8243;][lab_google_map_location marker_image=\u00bb53&#8243; latitude=\u00bb43.3047175&#8243; longitude=\u00bb-2.0165765&#8243;][\/lab_google_map][\/vc_column][\/vc_row][vc_row][vc_column width=\u00bb2\/3&#8243; reveal_effect=\u00bbfadeIn\u00bb reveal_duration=\u00bb1&#8243; reveal_delay=\u00bb0.3&#8243;][\/vc_column][vc_column width=\u00bb1\/3&#8243; reveal_effect=\u00bbfadeIn\u00bb reveal_duration=\u00bb1&#8243; reveal_delay=\u00bb0.5&#8243;][vc_empty_space][vc_column_text] Contacto. &nbsp; Escr\u00edbir un correo electr\u00f3nico a trav\u00e9s del formulario, o simplemente enviar directamente un correo electr\u00f3nico a hello@growmat.eu[\/vc_column_text][vc_empty_space][vc_column_text] Nuestra direcci\u00f3n. &nbsp; PASEO DE BERIO 50 20018, DONOSTIA-SAN SEBASTIAN Pais Vasco, Spain[\/vc_column_text][vc_empty_space][\/vc_column][\/vc_row][vc_row][vc_column][lab_text_autotype typed_text=\u00bb GROWMAT*est\u00e1 formado&hellip;\" \/>\n<meta property=\"og:url\" content=\"https:\/\/growmat.eu\/es\/contact\/\" \/>\n<meta property=\"og:site_name\" content=\"Accessible Tourism for Seniors\" \/>\n<meta name=\"twitter:card\" content=\"summary_large_image\" \/>\n<meta name=\"twitter:label1\" content=\"Tiempo de lectura\" \/>\n\t<meta name=\"twitter:data1\" content=\"2 minutos\" \/>\n<script type=\"application\/ld+json\" class=\"yoast-schema-graph\">{\"@context\":\"https:\/\/schema.org\",\"@graph\":[{\"@type\":\"WebPage\",\"@id\":\"https:\/\/growmat.eu\/es\/contact\/\",\"url\":\"https:\/\/growmat.eu\/es\/contact\/\",\"name\":\"Contact - Accessible Tourism for Seniors\",\"isPartOf\":{\"@id\":\"https:\/\/growmat.eu\/#website\"},\"datePublished\":\"2019-02-06T13:12:45+00:00\",\"dateModified\":\"2019-02-06T13:12:45+00:00\",\"breadcrumb\":{\"@id\":\"https:\/\/growmat.eu\/es\/contact\/#breadcrumb\"},\"inLanguage\":\"es\",\"potentialAction\":[{\"@type\":\"ReadAction\",\"target\":[\"https:\/\/growmat.eu\/es\/contact\/\"]}]},{\"@type\":\"BreadcrumbList\",\"@id\":\"https:\/\/growmat.eu\/es\/contact\/#breadcrumb\",\"itemListElement\":[{\"@type\":\"ListItem\",\"position\":1,\"name\":\"Home\",\"item\":\"https:\/\/growmat.eu\/es\/\"},{\"@type\":\"ListItem\",\"position\":2,\"name\":\"Contact\"}]},{\"@type\":\"WebSite\",\"@id\":\"https:\/\/growmat.eu\/#website\",\"url\":\"https:\/\/growmat.eu\/\",\"name\":\"Accessible Tourism for Seniors\",\"description\":\"GROWMAT\",\"potentialAction\":[{\"@type\":\"SearchAction\",\"target\":{\"@type\":\"EntryPoint\",\"urlTemplate\":\"https:\/\/growmat.eu\/?s={search_term_string}\"},\"query-input\":\"required name=search_term_string\"}],\"inLanguage\":\"es\"}]}<\/script>\n<!-- \/ Yoast SEO plugin. -->","yoast_head_json":{"title":"Contact - Accessible Tourism for Seniors","robots":{"index":"index","follow":"follow","max-snippet":"max-snippet:-1","max-image-preview":"max-image-preview:large","max-video-preview":"max-video-preview:-1"},"canonical":"https:\/\/growmat.eu\/es\/contact\/","og_locale":"es_ES","og_type":"article","og_title":"Contact - Accessible Tourism for Seniors","og_description":"[vc_row full_width=\u00bbstretch_row_content_no_spaces\u00bb][vc_column reveal_effect=\u00bbfadeIn\u00bb reveal_duration=\u00bb0.1&#8243; reveal_delay=\u00bb0.1&#8243;][lab_google_map zoom=\u00bb18&#8243; map_controls=\u00bbpanControl,zoomControl,mapTypeControl,scaleControl,streetViewControl\u00bb map_type=\u00bbhybrid\u00bb map_tilt=\u00bb45&#8243;][lab_google_map_location marker_image=\u00bb53&#8243; latitude=\u00bb43.3047175&#8243; longitude=\u00bb-2.0165765&#8243;][\/lab_google_map][\/vc_column][\/vc_row][vc_row][vc_column width=\u00bb2\/3&#8243; reveal_effect=\u00bbfadeIn\u00bb reveal_duration=\u00bb1&#8243; reveal_delay=\u00bb0.3&#8243;][\/vc_column][vc_column width=\u00bb1\/3&#8243; reveal_effect=\u00bbfadeIn\u00bb reveal_duration=\u00bb1&#8243; reveal_delay=\u00bb0.5&#8243;][vc_empty_space][vc_column_text] Contacto. &nbsp; Escr\u00edbir un correo electr\u00f3nico a trav\u00e9s del formulario, o simplemente enviar directamente un correo electr\u00f3nico a hello@growmat.eu[\/vc_column_text][vc_empty_space][vc_column_text] Nuestra direcci\u00f3n. &nbsp; PASEO DE BERIO 50 20018, DONOSTIA-SAN SEBASTIAN Pais Vasco, Spain[\/vc_column_text][vc_empty_space][\/vc_column][\/vc_row][vc_row][vc_column][lab_text_autotype typed_text=\u00bb GROWMAT*est\u00e1 formado&hellip;","og_url":"https:\/\/growmat.eu\/es\/contact\/","og_site_name":"Accessible Tourism for Seniors","twitter_card":"summary_large_image","twitter_misc":{"Tiempo de lectura":"2 minutos"},"schema":{"@context":"https:\/\/schema.org","@graph":[{"@type":"WebPage","@id":"https:\/\/growmat.eu\/es\/contact\/","url":"https:\/\/growmat.eu\/es\/contact\/","name":"Contact - Accessible Tourism for Seniors","isPartOf":{"@id":"https:\/\/growmat.eu\/#website"},"datePublished":"2019-02-06T13:12:45+00:00","dateModified":"2019-02-06T13:12:45+00:00","breadcrumb":{"@id":"https:\/\/growmat.eu\/es\/contact\/#breadcrumb"},"inLanguage":"es","potentialAction":[{"@type":"ReadAction","target":["https:\/\/growmat.eu\/es\/contact\/"]}]},{"@type":"BreadcrumbList","@id":"https:\/\/growmat.eu\/es\/contact\/#breadcrumb","itemListElement":[{"@type":"ListItem","position":1,"name":"Home","item":"https:\/\/growmat.eu\/es\/"},{"@type":"ListItem","position":2,"name":"Contact"}]},{"@type":"WebSite","@id":"https:\/\/growmat.eu\/#website","url":"https:\/\/growmat.eu\/","name":"Accessible Tourism for Seniors","description":"GROWMAT","potentialAction":[{"@type":"SearchAction","target":{"@type":"EntryPoint","urlTemplate":"https:\/\/growmat.eu\/?s={search_term_string}"},"query-input":"required name=search_term_string"}],"inLanguage":"es"}]}},"_links":{"self":[{"href":"https:\/\/growmat.eu\/es\/wp-json\/wp\/v2\/pages\/1389"}],"collection":[{"href":"https:\/\/growmat.eu\/es\/wp-json\/wp\/v2\/pages"}],"about":[{"href":"https:\/\/growmat.eu\/es\/wp-json\/wp\/v2\/types\/page"}],"author":[{"embeddable":true,"href":"https:\/\/growmat.eu\/es\/wp-json\/wp\/v2\/users\/1"}],"replies":[{"embeddable":true,"href":"https:\/\/growmat.eu\/es\/wp-json\/wp\/v2\/comments?post=1389"}],"version-history":[{"count":0,"href":"https:\/\/growmat.eu\/es\/wp-json\/wp\/v2\/pages\/1389\/revisions"}],"wp:attachment":[{"href":"https:\/\/growmat.eu\/es\/wp-json\/wp\/v2\/media?parent=1389"}],"curies":[{"name":"wp","href":"https:\/\/api.w.org\/{rel}","templated":true}]}}