{"id":1391,"date":"2019-02-06T13:35:49","date_gmt":"2019-02-06T13:35:49","guid":{"rendered":"https:\/\/neo.growmat.eu\/?page_id=1391"},"modified":"2019-02-06T13:35:49","modified_gmt":"2019-02-06T13:35:49","slug":"about","status":"publish","type":"page","link":"https:\/\/growmat.eu\/es\/about\/","title":{"rendered":"About"},"content":{"rendered":"<section class=\"wpb-content-wrapper\"><p>[vc_row][vc_column][vc_tta_pageable no_fill_content_area=\u00bb1&#8243; autoplay=\u00bb5&#8243; active_section=\u00bb1&#8243; pagination_color=\u00bbpurple\u00bb tab_position=\u00bbtop\u00bb css_animation=\u00bbslideInRight\u00bb][vc_tta_section title=\u00bbAcerca de GROWMAT\u00bb tab_id=\u00bb1493810809812-9a45073c-5698&#8243;][vc_row_inner][vc_column_inner width=\u00bb1\/3&#8243;][vc_single_image image=\u00bb165&#8243; img_size=\u00bb350&#215;350&#8243; alignment=\u00bbcenter\u00bb][\/vc_column_inner][vc_column_inner width=\u00bb2\/3&#8243;][lab_scroll_box scroll_height=\u00bb300&#8243;]<\/p>\n<h3 style=\"text-align: justify;\"><strong>Acerca de GROWMAT<\/strong><\/h3>\n<p>&nbsp;<\/p>\n<p style=\"text-align: justify;\"><strong>El proyecto tiene como objetivo crear cursos de formaci\u00f3n y capacitaci\u00f3n para ayudar a los empresarios del sector del Turismo y la Hosteler\u00eda, a proveedores de formaci\u00f3n y en general a todas las personas vinculadas a la atenci\u00f3n al cliente para que puedan satisfacer las necesidades de todas las personas, en especial de las personas mayores, y facilitar y promover la accesibilidad universal.<\/strong><\/p>\n<p style=\"text-align: justify;\"><strong>El proyecto GROWMAT ser\u00e1 implementado por un equipo formado por nueve socios de diferentes pa\u00edses europeos con experiencia en la formaci\u00f3n a diferentes colectivos y en la atenci\u00f3n y el cuidado a personas mayores y personas con diversidad funcional.<\/strong><\/p>\n<p>[\/lab_scroll_box][vc_empty_space][vc_custom_heading text=\u00bbConcienciaci\u00f3n sobre accesibilidad\u00bb font_container=\u00bbtag:h2|text_align:right\u00bb google_fonts=\u00bbfont_family:Roboto%20Condensed%3A300%2C300italic%2Cregular%2Citalic%2C700%2C700italic|font_style:400%20italic%3A400%3Aitalic\u00bb][\/vc_column_inner][\/vc_row_inner][\/vc_tta_section][vc_tta_section title=\u00bbObjetivos de GROWMAT\u00bb tab_id=\u00bb1493812260928-0d4d128e-a0c3&#8243;][vc_row_inner equal_height=\u00bbyes\u00bb][vc_column_inner width=\u00bb1\/3&#8243;][vc_single_image image=\u00bb172&#8243; img_size=\u00bb350&#215;350&#8243; alignment=\u00bbcenter\u00bb][\/vc_column_inner][vc_column_inner width=\u00bb2\/3&#8243;][lab_scroll_box scroll_height=\u00bb300&#8243;]<\/p>\n<h3 style=\"text-align: justify;\"><strong>Objetivos de GROWMAT<\/strong><\/h3>\n<p>&nbsp;<\/p>\n<p style=\"text-align: justify;\"><strong>Los principales objetivos del proyecto son:<\/strong><\/p>\n<p style=\"text-align: justify;\"><strong>-Impartir un curso de turismo accesible con enfoque emprendedor y un curso se sensibilizaci\u00f3n en accesibilidad,<\/strong><\/p>\n<p style=\"text-align: justify;\"><strong>-Desestacionalizar el mercado del turismo para las personas mayores,<\/strong><\/p>\n<p style=\"text-align: justify;\"><strong>-Desarrollar v\u00ednculos de colaboraci\u00f3n entre centros de formaci\u00f3n, empresas, ONGs, asociaciones y organizaciones ben\u00e9ficas,<\/strong><\/p>\n<p style=\"text-align: justify;\"><strong>-Recoger Buenas Pr\u00e1cticas de negocios existentes en el sector del turismo accesible \u201cNuestros Campeones\u201d y crear nuevos negocios en este sector,<\/strong><\/p>\n<p><strong>-Mejorar el perfil de la accesibilidad.<\/strong><\/p>\n<p>[\/lab_scroll_box][vc_empty_space][vc_custom_heading text=\u00bbOportunidades de negocio\u00bb font_container=\u00bbtag:h2|text_align:right\u00bb google_fonts=\u00bbfont_family:Roboto%20Condensed%3A300%2C300italic%2Cregular%2Citalic%2C700%2C700italic|font_style:400%20italic%3A400%3Aitalic\u00bb][\/vc_column_inner][\/vc_row_inner][\/vc_tta_section][vc_tta_section title=\u00bbGrupos objetivo de GROWMAT\u00bb tab_id=\u00bb1493812258499-3fc784ac-f701&#8243;][vc_row_inner][vc_column_inner width=\u00bb1\/3&#8243;][vc_single_image image=\u00bb171&#8243; img_size=\u00bb350&#215;350&#8243; alignment=\u00bbcenter\u00bb][\/vc_column_inner][vc_column_inner width=\u00bb2\/3&#8243;][lab_scroll_box scroll_height=\u00bb300&#8243;]<\/p>\n<h3 style=\"text-align: justify;\"><strong>Grupos objetivo de GROWMAT<\/strong><\/h3>\n<p>&nbsp;<\/p>\n<p style=\"text-align: justify;\"><strong>Grupos objetivo del proyecto:<\/strong><\/p>\n<p style=\"text-align: justify;\"><strong>-Empresarios del sector de la Hosteler\u00eda y el Turismo,<\/strong><\/p>\n<p style=\"text-align: justify;\"><strong>-Trabajadores y estudiantes del sector de la Hosteler\u00eda y el Turismo,<\/strong><\/p>\n<p style=\"text-align: justify;\"><strong>-Formadores en emprendimiento y en Hosteler\u00eda y Turismo (o cualquier otro servicio vinculado a la atenci\u00f3n al cliente).<\/strong><\/p>\n<p>[\/lab_scroll_box][vc_empty_space][vc_custom_heading text=\u00bbAlojamiento\u00bb font_container=\u00bbtag:h2|text_align:right\u00bb google_fonts=\u00bbfont_family:Roboto%20Condensed%3A300%2C300italic%2Cregular%2Citalic%2C700%2C700italic|font_style:400%20italic%3A400%3Aitalic\u00bb][\/vc_column_inner][\/vc_row_inner][\/vc_tta_section][vc_tta_section title=\u00bbAcerca de GROWMAT\u00bb tab_id=\u00bb1493812255420-39497b2e-4520&#8243;][vc_row_inner][vc_column_inner width=\u00bb1\/3&#8243;][vc_single_image image=\u00bb170&#8243; img_size=\u00bb350&#215;350&#8243; alignment=\u00bbcenter\u00bb][\/vc_column_inner][vc_column_inner width=\u00bb2\/3&#8243;][lab_scroll_box scroll_height=\u00bb300&#8243;]<\/p>\n<h3 style=\"text-align: justify;\"><strong>La Innovaci\u00f3n en GROWMAT<\/strong><\/h3>\n<p>&nbsp;<\/p>\n<p style=\"text-align: justify;\"><strong>El car\u00e1cter innovador del proyecto reside en la combinaci\u00f3n de habilidades de la asociaci\u00f3n. Para ello se dise\u00f1ar\u00e1 un plan de estudios acordado entre todos los socios y basado en la metodolog\u00eda de co-creaci\u00f3n. Por otra parte, las nuevas metodolog\u00edas de aprendizaje (plataforma de aprendizaje on line) y las actividades relacionadas con la accesibilidad pondr\u00e1n de manifiesto el propio enfoque innovador del proyecto.<\/strong><\/p>\n<p>[\/lab_scroll_box][vc_empty_space][vc_custom_heading text=\u00bbCo-creaci\u00f3n\u00bb font_container=\u00bbtag:h2|text_align:right\u00bb google_fonts=\u00bbfont_family:Roboto%20Condensed%3A300%2C300italic%2Cregular%2Citalic%2C700%2C700italic|font_style:400%20italic%3A400%3Aitalic\u00bb][\/vc_column_inner][\/vc_row_inner][\/vc_tta_section][\/vc_tta_pageable][vc_separator color=\u00bbcustom\u00bb accent_color=\u00bb#594b97&#8243;][\/vc_column][\/vc_row][vc_row][vc_column][vc_empty_space][vc_column_text]<\/p>\n<h3 style=\"text-align: justify;\"><strong>Resumen<\/strong><\/h3>\n<p>&nbsp;<\/p>\n<p style=\"text-align: justify;\">En la actualidad, en la Uni\u00f3n Europea hay m\u00e1s de un mill\u00f3n de personas con edades comprendidas entre 55 y 80 a\u00f1os, lo que representa alrededor del 25% del total de la poblaci\u00f3n. Este cambio demogr\u00e1fico ha incrementado la demanda tur\u00edstica y ha ayudado a crear nuevos mercados emergentes. La recesi\u00f3n ha tendido a afectar de manera m\u00e1s profunda a los j\u00f3venes, de hecho, el desempleo juvenil en la UE es del 24%, doblando la tasa de desempleo adulto. Por lo tanto, el autoempleo est\u00e1 siendo visto hoy en d\u00eda como una forma de hacer frente al desempleo. Muchos son los j\u00f3venes que se inician en el emprendimiento, con diferentes resultados. La Direcci\u00f3n General de Empresa e Industria (DG-ENTR) en 2012-2013 analiz\u00f3 la situaci\u00f3n del Turismo Accesible en la Uni\u00f3n Europea. La investigaci\u00f3n llevada a cabo sirvi\u00f3 a los socios del proyecto para justificar la necesidad y demostrar el potencial del mercado del turismo accesible como oportunidad para el crecimiento econ\u00f3mico, el derecho y el bienestar de todas las personas.<\/p>\n<p>[\/vc_column_text][vc_separator color=\u00bbcustom\u00bb accent_color=\u00bb#594b97&#8243;][vc_empty_space][vc_column_text]<\/p>\n<h3 style=\"text-align: justify;\"><strong>Objetivos principales:<\/strong><\/h3>\n<p>&nbsp;<\/p>\n<ol style=\"text-align: justify;\">\n<li>Ofrecer formaci\u00f3n en accesibilidad<\/li>\n<li>Un curso modular en emprendimiento para la creaci\u00f3n de nuevas empresas o negocios en el \u00e1mbito del turismo accesible, incluidas empresas sociales (e-learning)<\/li>\n<li>Un curso corto de concienciaci\u00f3n sobre accesibilidad que puede ser integrado en el plan de estudios de hosteler\u00eda y turismo. El curso estar\u00e1 a disposici\u00f3n de cualquer ONG que as\u00ed lo desee<\/li>\n<li>Desestacionalizar el mercado del turismo, abri\u00e9ndolo en especial a las personas mayores<\/li>\n<li>Crear v\u00ednculos de cooperaci\u00f3n entre centros de formaci\u00f3n, empresas, ONGs, empresas sociales, organizaciones ben\u00e9ficas y otras similares con el objetivo de sensibilizar acerca de la accesibilidad y garantizar su prioridad<\/li>\n<li>Crear un l\u00ednea de negocio enfocada en la atenci\u00f3n al turismo accesible<\/li>\n<li>Visibilizar la accesibilidad a trav\u00e9s de redes locales, regionales, nacionales y paneuropeas con el fin de localizar \u201ccampeones\u201d (embajadores). Para ello se crear\u00e1 una red \/ foro en l\u00ednea que pueda ser evaluada; una aplicaci\u00f3n AccAdvisor (similar a Trip Advisor) y vinculada a la accesibilidad.<\/li>\n<\/ol>\n<p>[\/vc_column_text][vc_separator color=\u00bbcustom\u00bb accent_color=\u00bb#594b97&#8243;][vc_empty_space][vc_column_text]<\/p>\n<h3 style=\"text-align: justify;\"><strong>Resultados previstos:\u00a0<\/strong><\/h3>\n<p>&nbsp;<\/p>\n<ul style=\"text-align: justify;\">\n<li>Campeones en \u201cAccesibilidad\u201d, utilizando la red \/ foro en l\u00ednea<\/li>\n<li>Integraci\u00f3n de nuevas pr\u00e1cticas, en particular en el sector de la hosteler\u00eda y el turismo<\/li>\n<li>Un m\u00f3dulo est\u00e1ndar de accesibilidad integrado en el curr\u00edculo de hosteler\u00eda y turismo que podr\u00eda ser implementado en cualquier lugar de Europa<\/li>\n<li>Un certificado com\u00fan que identifique a los profesionales que hayan realizado el curso Growmat como un activo para los futuros empleadores<\/li>\n<li>Concienciaci\u00f3n entre socios, compa\u00f1eros, docentes y estudiantes. Comercializaci\u00f3n de cursos de formaci\u00f3n en accesibilidad dirigidos a estudiantes y empresas de turismo y hosteler\u00eda<\/li>\n<li>Se capacitar\u00e1 a las personas en accesibilidad y en iguladad<\/li>\n<li>Se capacitar\u00e1 en emprendimiento abriendo nuevos mercados y permitiendo el desarrollo econ\u00f3mico de la ciudad, el \u00e1rea y la regi\u00f3n<\/li>\n<li>Creaci\u00f3n de un nuevo mercado gracias a las personas mayores que viajan fuera de temporada<\/li>\n<li>Creaci\u00f3n de un curso modular por niveles combinando talleres y formaci\u00f3n on line.<\/li>\n<li>Red en l\u00ednea \/creaci\u00f3n del foro<\/li>\n<li>Creaci\u00f3n de la marca de calidad; visibilidazi\u00f3n, uso y sostenibiliad<\/li>\n<li>Seguridad a trav\u00e9s de AccAdvisor, aplicaci\u00f3n que facilitar\u00e1 informaci\u00f3n y evaluaciones justas<\/li>\n<li>Creaci\u00f3n del curr\u00edculum dirigido a la Atenci\u00f3n al cliente y al Servicio adaptado a todas las personas<\/li>\n<li>Medici\u00f3n del incremento del impacto econ\u00f3mico tras tener en cuenta el turismo accesible<\/li>\n<li>Acc Advisor, sistema de revisi\u00f3n de calidad<\/li>\n<li>Aplicaci\u00f3n (web y \/ o m\u00f3vil)<\/li>\n<\/ul>\n<p>[\/vc_column_text][vc_separator color=\u00bbcustom\u00bb accent_color=\u00bb#594b97&#8243;][vc_empty_space][vc_column_text]<\/p>\n<h3>Duraci\u00f3n:<\/h3>\n<p>01.12.2016-31.03.2019<\/p>\n<p>[\/vc_column_text][vc_empty_space height=\u00bb40px\u00bb][\/vc_column][\/vc_row]<\/p>\n<\/section>","protected":false},"excerpt":{"rendered":"<p>[vc_row][vc_column][vc_tta_pageable no_fill_content_area=\u00bb1&#8243; autoplay=\u00bb5&#8243; active_section=\u00bb1&#8243; pagination_color=\u00bbpurple\u00bb tab_position=\u00bbtop\u00bb css_animation=\u00bbslideInRight\u00bb][vc_tta_section title=\u00bbAcerca de GROWMAT\u00bb tab_id=\u00bb1493810809812-9a45073c-5698&#8243;][vc_row_inner][vc_column_inner width=\u00bb1\/3&#8243;][vc_single_image image=\u00bb165&#8243; img_size=\u00bb350&#215;350&#8243; alignment=\u00bbcenter\u00bb][\/vc_column_inner][vc_column_inner width=\u00bb2\/3&#8243;][lab_scroll_box scroll_height=\u00bb300&#8243;] Acerca de GROWMAT &nbsp; El proyecto tiene como objetivo crear cursos de formaci\u00f3n y capacitaci\u00f3n para ayudar a los empresarios del sector del Turismo y la Hosteler\u00eda, a proveedores de formaci\u00f3n y en general a todas las personas&hellip;<\/p>\n","protected":false},"author":1,"featured_media":0,"parent":0,"menu_order":0,"comment_status":"closed","ping_status":"closed","template":"","meta":[],"acf":[],"yoast_head":"<!-- This site is optimized with the Yoast SEO plugin v20.10 - https:\/\/yoast.com\/wordpress\/plugins\/seo\/ -->\n<title>About - Accessible Tourism for Seniors<\/title>\n<meta name=\"robots\" content=\"index, follow, max-snippet:-1, max-image-preview:large, max-video-preview:-1\" \/>\n<link rel=\"canonical\" href=\"https:\/\/growmat.eu\/es\/about\/\" \/>\n<meta property=\"og:locale\" content=\"es_ES\" \/>\n<meta property=\"og:type\" content=\"article\" \/>\n<meta property=\"og:title\" content=\"About - Accessible Tourism for Seniors\" \/>\n<meta property=\"og:description\" content=\"[vc_row][vc_column][vc_tta_pageable no_fill_content_area=\u00bb1&#8243; autoplay=\u00bb5&#8243; active_section=\u00bb1&#8243; pagination_color=\u00bbpurple\u00bb tab_position=\u00bbtop\u00bb css_animation=\u00bbslideInRight\u00bb][vc_tta_section title=\u00bbAcerca de GROWMAT\u00bb tab_id=\u00bb1493810809812-9a45073c-5698&#8243;][vc_row_inner][vc_column_inner width=\u00bb1\/3&#8243;][vc_single_image image=\u00bb165&#8243; img_size=\u00bb350&#215;350&#8243; alignment=\u00bbcenter\u00bb][\/vc_column_inner][vc_column_inner width=\u00bb2\/3&#8243;][lab_scroll_box scroll_height=\u00bb300&#8243;] Acerca de GROWMAT &nbsp; El proyecto tiene como objetivo crear cursos de formaci\u00f3n y capacitaci\u00f3n para ayudar a los empresarios del sector del Turismo y la Hosteler\u00eda, a proveedores de formaci\u00f3n y en general a todas las personas&hellip;\" \/>\n<meta property=\"og:url\" content=\"https:\/\/growmat.eu\/es\/about\/\" \/>\n<meta property=\"og:site_name\" content=\"Accessible Tourism for Seniors\" \/>\n<meta name=\"twitter:card\" content=\"summary_large_image\" \/>\n<meta name=\"twitter:label1\" content=\"Tiempo de lectura\" \/>\n\t<meta name=\"twitter:data1\" content=\"7 minutos\" \/>\n<script type=\"application\/ld+json\" class=\"yoast-schema-graph\">{\"@context\":\"https:\/\/schema.org\",\"@graph\":[{\"@type\":\"WebPage\",\"@id\":\"https:\/\/growmat.eu\/es\/about\/\",\"url\":\"https:\/\/growmat.eu\/es\/about\/\",\"name\":\"About - Accessible Tourism for Seniors\",\"isPartOf\":{\"@id\":\"https:\/\/growmat.eu\/#website\"},\"datePublished\":\"2019-02-06T13:35:49+00:00\",\"dateModified\":\"2019-02-06T13:35:49+00:00\",\"breadcrumb\":{\"@id\":\"https:\/\/growmat.eu\/es\/about\/#breadcrumb\"},\"inLanguage\":\"es\",\"potentialAction\":[{\"@type\":\"ReadAction\",\"target\":[\"https:\/\/growmat.eu\/es\/about\/\"]}]},{\"@type\":\"BreadcrumbList\",\"@id\":\"https:\/\/growmat.eu\/es\/about\/#breadcrumb\",\"itemListElement\":[{\"@type\":\"ListItem\",\"position\":1,\"name\":\"Home\",\"item\":\"https:\/\/growmat.eu\/es\/\"},{\"@type\":\"ListItem\",\"position\":2,\"name\":\"About\"}]},{\"@type\":\"WebSite\",\"@id\":\"https:\/\/growmat.eu\/#website\",\"url\":\"https:\/\/growmat.eu\/\",\"name\":\"Accessible Tourism for Seniors\",\"description\":\"GROWMAT\",\"potentialAction\":[{\"@type\":\"SearchAction\",\"target\":{\"@type\":\"EntryPoint\",\"urlTemplate\":\"https:\/\/growmat.eu\/?s={search_term_string}\"},\"query-input\":\"required name=search_term_string\"}],\"inLanguage\":\"es\"}]}<\/script>\n<!-- \/ Yoast SEO plugin. -->","yoast_head_json":{"title":"About - Accessible Tourism for Seniors","robots":{"index":"index","follow":"follow","max-snippet":"max-snippet:-1","max-image-preview":"max-image-preview:large","max-video-preview":"max-video-preview:-1"},"canonical":"https:\/\/growmat.eu\/es\/about\/","og_locale":"es_ES","og_type":"article","og_title":"About - Accessible Tourism for Seniors","og_description":"[vc_row][vc_column][vc_tta_pageable no_fill_content_area=\u00bb1&#8243; autoplay=\u00bb5&#8243; active_section=\u00bb1&#8243; pagination_color=\u00bbpurple\u00bb tab_position=\u00bbtop\u00bb css_animation=\u00bbslideInRight\u00bb][vc_tta_section title=\u00bbAcerca de GROWMAT\u00bb tab_id=\u00bb1493810809812-9a45073c-5698&#8243;][vc_row_inner][vc_column_inner width=\u00bb1\/3&#8243;][vc_single_image image=\u00bb165&#8243; img_size=\u00bb350&#215;350&#8243; alignment=\u00bbcenter\u00bb][\/vc_column_inner][vc_column_inner width=\u00bb2\/3&#8243;][lab_scroll_box scroll_height=\u00bb300&#8243;] Acerca de GROWMAT &nbsp; El proyecto tiene como objetivo crear cursos de formaci\u00f3n y capacitaci\u00f3n para ayudar a los empresarios del sector del Turismo y la Hosteler\u00eda, a proveedores de formaci\u00f3n y en general a todas las personas&hellip;","og_url":"https:\/\/growmat.eu\/es\/about\/","og_site_name":"Accessible Tourism for Seniors","twitter_card":"summary_large_image","twitter_misc":{"Tiempo de lectura":"7 minutos"},"schema":{"@context":"https:\/\/schema.org","@graph":[{"@type":"WebPage","@id":"https:\/\/growmat.eu\/es\/about\/","url":"https:\/\/growmat.eu\/es\/about\/","name":"About - Accessible Tourism for Seniors","isPartOf":{"@id":"https:\/\/growmat.eu\/#website"},"datePublished":"2019-02-06T13:35:49+00:00","dateModified":"2019-02-06T13:35:49+00:00","breadcrumb":{"@id":"https:\/\/growmat.eu\/es\/about\/#breadcrumb"},"inLanguage":"es","potentialAction":[{"@type":"ReadAction","target":["https:\/\/growmat.eu\/es\/about\/"]}]},{"@type":"BreadcrumbList","@id":"https:\/\/growmat.eu\/es\/about\/#breadcrumb","itemListElement":[{"@type":"ListItem","position":1,"name":"Home","item":"https:\/\/growmat.eu\/es\/"},{"@type":"ListItem","position":2,"name":"About"}]},{"@type":"WebSite","@id":"https:\/\/growmat.eu\/#website","url":"https:\/\/growmat.eu\/","name":"Accessible Tourism for Seniors","description":"GROWMAT","potentialAction":[{"@type":"SearchAction","target":{"@type":"EntryPoint","urlTemplate":"https:\/\/growmat.eu\/?s={search_term_string}"},"query-input":"required name=search_term_string"}],"inLanguage":"es"}]}},"_links":{"self":[{"href":"https:\/\/growmat.eu\/es\/wp-json\/wp\/v2\/pages\/1391"}],"collection":[{"href":"https:\/\/growmat.eu\/es\/wp-json\/wp\/v2\/pages"}],"about":[{"href":"https:\/\/growmat.eu\/es\/wp-json\/wp\/v2\/types\/page"}],"author":[{"embeddable":true,"href":"https:\/\/growmat.eu\/es\/wp-json\/wp\/v2\/users\/1"}],"replies":[{"embeddable":true,"href":"https:\/\/growmat.eu\/es\/wp-json\/wp\/v2\/comments?post=1391"}],"version-history":[{"count":0,"href":"https:\/\/growmat.eu\/es\/wp-json\/wp\/v2\/pages\/1391\/revisions"}],"wp:attachment":[{"href":"https:\/\/growmat.eu\/es\/wp-json\/wp\/v2\/media?parent=1391"}],"curies":[{"name":"wp","href":"https:\/\/api.w.org\/{rel}","templated":true}]}}