{"id":1394,"date":"2019-02-06T13:46:47","date_gmt":"2019-02-06T13:46:47","guid":{"rendered":"https:\/\/neo.growmat.eu\/?page_id=1394"},"modified":"2019-03-01T10:09:02","modified_gmt":"2019-03-01T10:09:02","slug":"home","status":"publish","type":"page","link":"https:\/\/growmat.eu\/es\/","title":{"rendered":"Home"},"content":{"rendered":"<section class=\"wpb-content-wrapper\"><p>[vc_row full_width=\u00bbstretch_row\u00bb css=\u00bb.vc_custom_1550232422863{background-position: center !important;background-repeat: no-repeat !important;background-size: cover !important;}\u00bb][vc_column offset=\u00bbvc_col-lg-12&#8243;]\n\t\t\t<!-- START growmat REVOLUTION SLIDER 6.6.14 --><p class=\"rs-p-wp-fix\"><\/p>\n\t\t\t<rs-module-wrap id=\"rev_slider_1_1_wrapper\" data-source=\"gallery\" style=\"visibility:hidden;background:transparent;padding:0;margin:0px auto;margin-top:0;margin-bottom:0;background-image:url(https:\/\/neo.growmat.eu\/wp-content\/uploads\/2019\/02\/home_BG4.jpg);background-repeat:no-repeat;background-size:cover;background-position:center center;\">\n\t\t\t\t<rs-module id=\"rev_slider_1_1\" style=\"\" data-version=\"6.6.14\">\n\t\t\t\t\t<rs-slides style=\"overflow: hidden; position: absolute;\">\n\t\t\t\t\t\t<rs-slide style=\"position: absolute;\" data-key=\"rs-9\" data-title=\"Slide\" data-anim=\"adpr:false;\">\n\t\t\t\t\t\t\t<img src=\"\/\/growmat.eu\/wp-content\/plugins\/revslider\/public\/assets\/assets\/dummy.png\" alt=\"\" title=\"Home\" class=\"rev-slidebg tp-rs-img rs-lazyload\" data-lazyload=\"\/\/growmat.eu\/wp-content\/uploads\/2019\/02\/home_BG4.jpg\" data-no-retina>\n<!--\n\t\t\t\t\t\t\t--><rs-layer\n\t\t\t\t\t\t\t\tid=\"slider-1-slide-9-layer-1\" \n\t\t\t\t\t\t\t\tdata-type=\"text\"\n\t\t\t\t\t\t\t\tdata-color=\"#594b97\"\n\t\t\t\t\t\t\t\tdata-rsp_ch=\"on\"\n\t\t\t\t\t\t\t\tdata-xy=\"x:45px;y:c;yo:-298px;\"\n\t\t\t\t\t\t\t\tdata-text=\"s:60;l:65;a:inherit;\"\n\t\t\t\t\t\t\t\tdata-frame_0=\"tp:600;\"\n\t\t\t\t\t\t\t\tdata-frame_1=\"tp:600;st:1010;sp:1500;sR:1010;\"\n\t\t\t\t\t\t\t\tdata-frame_999=\"o:0;tp:600;st:w;sR:6490;\"\n\t\t\t\t\t\t\t\tstyle=\"z-index:5;font-family:'Open Sans';\"\n\t\t\t\t\t\t\t>Growmat \n\t\t\t\t\t\t\t<\/rs-layer><!--\n\n\t\t\t\t\t\t\t--><rs-layer\n\t\t\t\t\t\t\t\tid=\"slider-1-slide-9-layer-2\" \n\t\t\t\t\t\t\t\tdata-type=\"text\"\n\t\t\t\t\t\t\t\tdata-color=\"#594b97\"\n\t\t\t\t\t\t\t\tdata-rsp_ch=\"on\"\n\t\t\t\t\t\t\t\tdata-xy=\"x:46px;y:c;yo:-217px;\"\n\t\t\t\t\t\t\t\tdata-text=\"s:60;l:65;a:inherit;\"\n\t\t\t\t\t\t\t\tdata-frame_0=\"tp:600;\"\n\t\t\t\t\t\t\t\tdata-frame_1=\"tp:600;st:1010;sp:1500;sR:1010;\"\n\t\t\t\t\t\t\t\tdata-frame_999=\"o:0;tp:600;st:w;sR:6490;\"\n\t\t\t\t\t\t\t\tstyle=\"z-index:6;font-family:'Open Sans';\"\n\t\t\t\t\t\t\t>Growing the market in \n\t\t\t\t\t\t\t<\/rs-layer><!--\n\n\t\t\t\t\t\t\t--><rs-layer\n\t\t\t\t\t\t\t\tid=\"slider-1-slide-9-layer-3\" \n\t\t\t\t\t\t\t\tdata-type=\"text\"\n\t\t\t\t\t\t\t\tdata-color=\"#594b97\"\n\t\t\t\t\t\t\t\tdata-rsp_ch=\"on\"\n\t\t\t\t\t\t\t\tdata-xy=\"x:47px;y:c;yo:-142px;\"\n\t\t\t\t\t\t\t\tdata-text=\"s:60;l:65;a:inherit;\"\n\t\t\t\t\t\t\t\tdata-frame_0=\"tp:600;\"\n\t\t\t\t\t\t\t\tdata-frame_1=\"tp:600;st:1010;sp:1500;sR:1010;\"\n\t\t\t\t\t\t\t\tdata-frame_999=\"o:0;tp:600;st:w;sR:6490;\"\n\t\t\t\t\t\t\t\tstyle=\"z-index:7;font-family:'Open Sans';\"\n\t\t\t\t\t\t\t>Accessible Tourism \n\t\t\t\t\t\t\t<\/rs-layer><!--\n-->\t\t\t\t\t\t<\/rs-slide>\n\t\t\t\t\t\t<rs-slide style=\"position: absolute;\" data-key=\"rs-15\" data-title=\"Slide\" data-anim=\"adpr:false;\">\n\t\t\t\t\t\t\t<img src=\"\/\/growmat.eu\/wp-content\/plugins\/revslider\/public\/assets\/assets\/dummy.png\" alt=\"\" title=\"Home\" class=\"rev-slidebg tp-rs-img rs-lazyload\" data-lazyload=\"\/\/growmat.eu\/wp-content\/uploads\/2019\/02\/home_BG7.jpg\" data-no-retina>\n<!--\n\t\t\t\t\t\t\t--><rs-layer\n\t\t\t\t\t\t\t\tid=\"slider-1-slide-15-layer-1\" \n\t\t\t\t\t\t\t\tdata-type=\"text\"\n\t\t\t\t\t\t\t\tdata-color=\"#594b97\"\n\t\t\t\t\t\t\t\tdata-rsp_ch=\"on\"\n\t\t\t\t\t\t\t\tdata-xy=\"x:47px;y:c;yo:-299px;\"\n\t\t\t\t\t\t\t\tdata-text=\"s:60;l:65;a:inherit;\"\n\t\t\t\t\t\t\t\tdata-frame_0=\"tp:600;\"\n\t\t\t\t\t\t\t\tdata-frame_1=\"tp:600;st:1010;sp:1500;sR:1010;\"\n\t\t\t\t\t\t\t\tdata-frame_999=\"o:0;tp:600;st:w;sR:6490;\"\n\t\t\t\t\t\t\t\tstyle=\"z-index:5;font-family:'Open Sans';\"\n\t\t\t\t\t\t\t>ACC Advisor \n\t\t\t\t\t\t\t<\/rs-layer><!--\n\n\t\t\t\t\t\t\t--><rs-layer\n\t\t\t\t\t\t\t\tid=\"slider-1-slide-15-layer-2\" \n\t\t\t\t\t\t\t\tdata-type=\"text\"\n\t\t\t\t\t\t\t\tdata-color=\"#594b97\"\n\t\t\t\t\t\t\t\tdata-rsp_ch=\"on\"\n\t\t\t\t\t\t\t\tdata-xy=\"x:47px;y:c;yo:-215px;\"\n\t\t\t\t\t\t\t\tdata-text=\"s:60;l:65;a:inherit;\"\n\t\t\t\t\t\t\t\tdata-frame_0=\"tp:600;\"\n\t\t\t\t\t\t\t\tdata-frame_1=\"tp:600;st:1010;sp:1500;sR:1010;\"\n\t\t\t\t\t\t\t\tdata-frame_999=\"o:0;tp:600;st:w;sR:6490;\"\n\t\t\t\t\t\t\t\tstyle=\"z-index:6;font-family:'Open Sans';\"\n\t\t\t\t\t\t\t>Visite la p\u00e1gina web de \n\t\t\t\t\t\t\t<\/rs-layer><!--\n\n\t\t\t\t\t\t\t--><rs-layer\n\t\t\t\t\t\t\t\tid=\"slider-1-slide-15-layer-3\" \n\t\t\t\t\t\t\t\tdata-type=\"text\"\n\t\t\t\t\t\t\t\tdata-color=\"#594b97\"\n\t\t\t\t\t\t\t\tdata-rsp_ch=\"on\"\n\t\t\t\t\t\t\t\tdata-xy=\"x:47px;y:c;yo:-133px;\"\n\t\t\t\t\t\t\t\tdata-text=\"s:60;l:65;a:inherit;\"\n\t\t\t\t\t\t\t\tdata-frame_0=\"tp:600;\"\n\t\t\t\t\t\t\t\tdata-frame_1=\"tp:600;st:1010;sp:1500;sR:1010;\"\n\t\t\t\t\t\t\t\tdata-frame_999=\"o:0;tp:600;st:w;sR:6490;\"\n\t\t\t\t\t\t\t\tstyle=\"z-index:7;font-family:'Open Sans';\"\n\t\t\t\t\t\t\t>AccAdvisor App \n\t\t\t\t\t\t\t<\/rs-layer><!--\n\n\t\t\t\t\t\t\t--><rs-layer\n\t\t\t\t\t\t\t\tid=\"slider-1-slide-15-layer-5\" \n\t\t\t\t\t\t\t\tclass=\"rev-btn rev-withicon\"\n\t\t\t\t\t\t\t\tdata-type=\"button\"\n\t\t\t\t\t\t\t\tdata-color=\"#ffed00\"\n\t\t\t\t\t\t\t\tdata-xy=\"x:48px;y:c;yo:-26px;\"\n\t\t\t\t\t\t\t\tdata-text=\"s:50;l:55;fw:500;a:inherit;\"\n\t\t\t\t\t\t\t\tdata-vbility=\"t,t,f,f\"\n\t\t\t\t\t\t\t\tdata-actions='o:click;a:simplelink;target:_blank;url:https:\/\/accadvisor.app\/;'\n\t\t\t\t\t\t\t\tdata-rsp_bd=\"off\"\n\t\t\t\t\t\t\t\tdata-padding=\"t:12;r:35;b:12;l:35;\"\n\t\t\t\t\t\t\t\tdata-border=\"bor:30px,30px,30px,30px;\"\n\t\t\t\t\t\t\t\tdata-frame_0=\"tp:600;\"\n\t\t\t\t\t\t\t\tdata-frame_1=\"tp:600;st:2550;sR:2550;\"\n\t\t\t\t\t\t\t\tdata-frame_999=\"o:0;tp:600;st:w;sR:6150;\"\n\t\t\t\t\t\t\t\tdata-frame_hover=\"c:#594b97;bgc:#ffed00;boc:#000;bor:30px,30px,30px,30px;bos:solid;oX:50;oY:50;sp:0;e:none;\"\n\t\t\t\t\t\t\t\tstyle=\"z-index:8;background-color:rgba(89,75,151,0.75);font-family:'Roboto';cursor:pointer;outline:none;box-shadow:none;box-sizing:border-box;-moz-box-sizing:border-box;-webkit-box-sizing:border-box;\"\n\t\t\t\t\t\t\t>Clic aqu\u00ed<i class=\"fa-chevron-right\"><\/i> \n\t\t\t\t\t\t\t<\/rs-layer><!--\n\n\t\t\t\t\t\t\t--><rs-layer\n\t\t\t\t\t\t\t\tid=\"slider-1-slide-15-layer-7\" \n\t\t\t\t\t\t\t\tclass=\"rev-btn rev-withicon\"\n\t\t\t\t\t\t\t\tdata-type=\"button\"\n\t\t\t\t\t\t\t\tdata-color=\"#ffed00\"\n\t\t\t\t\t\t\t\tdata-xy=\"x:52px;y:c;yo:183px;\"\n\t\t\t\t\t\t\t\tdata-text=\"s:20;l:25;fw:500;a:inherit;\"\n\t\t\t\t\t\t\t\tdata-vbility=\"f,f,t,t\"\n\t\t\t\t\t\t\t\tdata-actions='o:click;a:simplelink;target:_blank;url:https:\/\/accadvisor.app\/;'\n\t\t\t\t\t\t\t\tdata-rsp_bd=\"off\"\n\t\t\t\t\t\t\t\tdata-padding=\"t:12;r:35;b:12;l:35;\"\n\t\t\t\t\t\t\t\tdata-border=\"bor:30px,30px,30px,30px;\"\n\t\t\t\t\t\t\t\tdata-frame_0=\"tp:600;\"\n\t\t\t\t\t\t\t\tdata-frame_1=\"tp:600;st:2550;sR:2550;\"\n\t\t\t\t\t\t\t\tdata-frame_999=\"o:0;tp:600;st:w;sR:6150;\"\n\t\t\t\t\t\t\t\tdata-frame_hover=\"c:#594b97;bgc:#ffed00;boc:#000;bor:30px,30px,30px,30px;bos:solid;oX:50;oY:50;sp:0;e:none;\"\n\t\t\t\t\t\t\t\tstyle=\"z-index:9;background-color:rgba(89,75,151,0.75);font-family:'Roboto';cursor:pointer;outline:none;box-shadow:none;box-sizing:border-box;-moz-box-sizing:border-box;-webkit-box-sizing:border-box;\"\n\t\t\t\t\t\t\t>Clic aqu\u00ed<i class=\"fa-chevron-right\"><\/i> \n\t\t\t\t\t\t\t<\/rs-layer><!--\n-->\t\t\t\t\t\t<\/rs-slide>\n\t\t\t\t\t\t<rs-slide style=\"position: absolute;\" data-key=\"rs-19\" data-title=\"Slide\" data-anim=\"adpr:false;\">\n\t\t\t\t\t\t\t<img src=\"\/\/growmat.eu\/wp-content\/plugins\/revslider\/public\/assets\/assets\/dummy.png\" alt=\"\" title=\"Home\" class=\"rev-slidebg tp-rs-img rs-lazyload\" data-lazyload=\"\/\/growmat.eu\/wp-content\/uploads\/2019\/02\/home_BG4.jpg\" data-no-retina>\n<!--\n\t\t\t\t\t\t\t--><rs-layer\n\t\t\t\t\t\t\t\tid=\"slider-1-slide-19-layer-1\" \n\t\t\t\t\t\t\t\tdata-type=\"text\"\n\t\t\t\t\t\t\t\tdata-color=\"#594b97\"\n\t\t\t\t\t\t\t\tdata-rsp_ch=\"on\"\n\t\t\t\t\t\t\t\tdata-xy=\"x:45px;y:c;yo:-298px;\"\n\t\t\t\t\t\t\t\tdata-text=\"s:60;l:65;a:inherit;\"\n\t\t\t\t\t\t\t\tdata-frame_0=\"tp:600;\"\n\t\t\t\t\t\t\t\tdata-frame_1=\"tp:600;st:1010;sp:1500;sR:1010;\"\n\t\t\t\t\t\t\t\tdata-frame_999=\"o:0;tp:600;st:w;sR:6490;\"\n\t\t\t\t\t\t\t\tstyle=\"z-index:5;font-family:'Open Sans';\"\n\t\t\t\t\t\t\t>Growmat \n\t\t\t\t\t\t\t<\/rs-layer><!--\n\n\t\t\t\t\t\t\t--><rs-layer\n\t\t\t\t\t\t\t\tid=\"slider-1-slide-19-layer-2\" \n\t\t\t\t\t\t\t\tdata-type=\"text\"\n\t\t\t\t\t\t\t\tdata-color=\"#594b97\"\n\t\t\t\t\t\t\t\tdata-rsp_ch=\"on\"\n\t\t\t\t\t\t\t\tdata-xy=\"x:46px;y:c;yo:-217px;\"\n\t\t\t\t\t\t\t\tdata-text=\"s:60;l:65;a:inherit;\"\n\t\t\t\t\t\t\t\tdata-frame_0=\"tp:600;\"\n\t\t\t\t\t\t\t\tdata-frame_1=\"tp:600;st:1010;sp:1500;sR:1010;\"\n\t\t\t\t\t\t\t\tdata-frame_999=\"o:0;tp:600;st:w;sR:6490;\"\n\t\t\t\t\t\t\t\tstyle=\"z-index:6;font-family:'Open Sans';\"\n\t\t\t\t\t\t\t>Growing the market in \n\t\t\t\t\t\t\t<\/rs-layer><!--\n\n\t\t\t\t\t\t\t--><rs-layer\n\t\t\t\t\t\t\t\tid=\"slider-1-slide-19-layer-3\" \n\t\t\t\t\t\t\t\tdata-type=\"text\"\n\t\t\t\t\t\t\t\tdata-color=\"#594b97\"\n\t\t\t\t\t\t\t\tdata-rsp_ch=\"on\"\n\t\t\t\t\t\t\t\tdata-xy=\"x:47px;y:c;yo:-142px;\"\n\t\t\t\t\t\t\t\tdata-text=\"s:60;l:65;a:inherit;\"\n\t\t\t\t\t\t\t\tdata-frame_0=\"tp:600;\"\n\t\t\t\t\t\t\t\tdata-frame_1=\"tp:600;st:1010;sp:1500;sR:1010;\"\n\t\t\t\t\t\t\t\tdata-frame_999=\"o:0;tp:600;st:w;sR:6490;\"\n\t\t\t\t\t\t\t\tstyle=\"z-index:7;font-family:'Open Sans';\"\n\t\t\t\t\t\t\t>Accessible Tourism \n\t\t\t\t\t\t\t<\/rs-layer><!--\n-->\t\t\t\t\t\t<\/rs-slide>\n\t\t\t\t\t<\/rs-slides>\n\t\t\t\t<\/rs-module>\n\t\t\t\t<script>\n\t\t\t\t\tsetREVStartSize({c: 'rev_slider_1_1',rl:[1240,1024,778,480],el:[],gw:[1240],gh:[868],type:'standard',justify:'',layout:'fullwidth',mh:\"0\"});if (window.RS_MODULES!==undefined && window.RS_MODULES.modules!==undefined && window.RS_MODULES.modules[\"revslider11\"]!==undefined) {window.RS_MODULES.modules[\"revslider11\"].once = false;window.revapi1 = undefined;if (window.RS_MODULES.checkMinimal!==undefined) window.RS_MODULES.checkMinimal()}\n\t\t\t\t<\/script>\n\t\t\t<\/rs-module-wrap>\n\t\t\t<!-- END REVOLUTION SLIDER -->\n[\/vc_column][\/vc_row][vc_row css=\u00bb.vc_custom_1494239165863{margin: 0px !important;border-width: 0px !important;padding: 0px !important;}\u00bb][vc_column][vc_empty_space height=\u00bb30px\u00bb][vc_separator color=\u00bbviolet\u00bb][vc_empty_space height=\u00bb30px\u00bb][vc_row_inner][vc_column_inner][vc_column_text]<\/p>\n<h3 style=\"text-align: left;\"><strong>GROWMAT<\/strong><\/h3>\n<p>&nbsp;<\/p>\n<p style=\"text-align: justify;\"><strong>&#8230;es un proyecto europeo, que se inici\u00f3 en diciembre de 2016. El proyecto tiene como objetivo crear nuevas oportunidades de negocio en el sector del turismo accesible permitiendo extender la estacionalidad y atender las necesidades de todas las personas. En la actualidad hay muchas personas mayores activas y el turismo accesible se presenta como una nuevo mercado. El proyecto desarrollar\u00e1 programas educativos y metodolog\u00edas innovadoras que sensibilizar\u00e1n y formar\u00e1n a los trabajadores y a los nuevos y futuros emprendedores del sector de la hosteler\u00eda y el turismo.<\/strong><\/p>\n<p>[\/vc_column_text][\/vc_column_inner][\/vc_row_inner][vc_empty_space height=\u00bb30px\u00bb][vc_separator color=\u00bbcustom\u00bb accent_color=\u00bb#594b97&#8243;][\/vc_column][\/vc_row][vc_row][vc_column][vc_tta_pageable no_fill_content_area=\u00bb1&#8243; autoplay=\u00bb5&#8243; active_section=\u00bb1&#8243; pagination_color=\u00bbpurple\u00bb tab_position=\u00bbtop\u00bb css_animation=\u00bbslideInRight\u00bb][vc_tta_section title=\u00bbAcerca de GROWMAT\u00bb tab_id=\u00bb1493810809812-9a45073c-5698&#8243;][vc_row_inner][vc_column_inner width=\u00bb1\/3&#8243;][vc_single_image image=\u00bb165&#8243; img_size=\u00bb350&#215;350&#8243; alignment=\u00bbcenter\u00bb][\/vc_column_inner][vc_column_inner width=\u00bb2\/3&#8243;][lab_scroll_box scroll_height=\u00bb300&#8243;]<\/p>\n<h3 style=\"text-align: justify;\"><strong>Acerca de GROWMAT<\/strong><\/h3>\n<p>&nbsp;<\/p>\n<p style=\"text-align: justify;\"><strong>El proyecto tiene como objetivo crear cursos de formaci\u00f3n y capacitaci\u00f3n para ayudar a los empresarios del sector del Turismo y la Hosteler\u00eda, a proveedores de formaci\u00f3n y en general a todas las personas vinculadas a la atenci\u00f3n al cliente para que puedan satisfacer las necesidades de todas las personas, en especial de las personas mayores, y facilitar y promover la accesibilidad universal.<\/strong><\/p>\n<p style=\"text-align: justify;\"><strong>El proyecto GROWMAT ser\u00e1 implementado por un equipo formado por nueve socios de diferentes pa\u00edses europeos con experiencia en la formaci\u00f3n a diferentes colectivos y en la atenci\u00f3n y el cuidado a personas mayores y personas con diversidad funcional.<\/strong><\/p>\n<p>[\/lab_scroll_box][vc_empty_space][vc_custom_heading text=\u00bbConcienciaci\u00f3n sobre accesibilidad\u00bb font_container=\u00bbtag:h2|text_align:right\u00bb google_fonts=\u00bbfont_family:Roboto%20Condensed%3A300%2C300italic%2Cregular%2Citalic%2C700%2C700italic|font_style:400%20italic%3A400%3Aitalic\u00bb][\/vc_column_inner][\/vc_row_inner][\/vc_tta_section][vc_tta_section title=\u00bbObjetivos de GROWMAT\u00bb tab_id=\u00bb1493812260928-0d4d128e-a0c3&#8243;][vc_row_inner equal_height=\u00bbyes\u00bb][vc_column_inner width=\u00bb1\/3&#8243;][vc_single_image image=\u00bb172&#8243; img_size=\u00bb350&#215;350&#8243; alignment=\u00bbcenter\u00bb][\/vc_column_inner][vc_column_inner width=\u00bb2\/3&#8243;][lab_scroll_box scroll_height=\u00bb300&#8243;]<\/p>\n<h3 style=\"text-align: justify;\"><strong>Objetivos de GROWMAT<\/strong><\/h3>\n<p>&nbsp;<\/p>\n<p style=\"text-align: justify;\"><strong>Los principales objetivos del proyecto son:<\/strong><\/p>\n<p style=\"text-align: justify;\"><strong>-Impartir un curso de turismo accesible con enfoque emprendedor y un curso se sensibilizaci\u00f3n en accesibilidad,<\/strong><\/p>\n<p style=\"text-align: justify;\"><strong>-Desestacionalizar el mercado del turismo para las personas mayores,<\/strong><\/p>\n<p style=\"text-align: justify;\"><strong>-Desarrollar v\u00ednculos de colaboraci\u00f3n entre centros de formaci\u00f3n, empresas, ONGs, asociaciones y organizaciones ben\u00e9ficas,<\/strong><\/p>\n<p style=\"text-align: justify;\"><strong>-Recoger Buenas Pr\u00e1cticas de negocios existentes en el sector del turismo accesible \u201cNuestros Campeones\u201d y crear nuevos negocios en este sector,<\/strong><\/p>\n<p><strong>-Mejorar el perfil de la accesibilidad.<\/strong><\/p>\n<p>[\/lab_scroll_box][vc_empty_space][vc_custom_heading text=\u00bbOportunidades de negocio\u00bb font_container=\u00bbtag:h2|text_align:right\u00bb google_fonts=\u00bbfont_family:Roboto%20Condensed%3A300%2C300italic%2Cregular%2Citalic%2C700%2C700italic|font_style:400%20italic%3A400%3Aitalic\u00bb][\/vc_column_inner][\/vc_row_inner][\/vc_tta_section][vc_tta_section title=\u00bbGrupos objetivos de GROWMAT\u00bb tab_id=\u00bb1493812258499-3fc784ac-f701&#8243;][vc_row_inner][vc_column_inner width=\u00bb1\/3&#8243;][vc_single_image image=\u00bb171&#8243; img_size=\u00bb350&#215;350&#8243; alignment=\u00bbcenter\u00bb][\/vc_column_inner][vc_column_inner width=\u00bb2\/3&#8243;][lab_scroll_box scroll_height=\u00bb300&#8243;]<\/p>\n<h3 style=\"text-align: justify;\"><strong>Grupos objetivos de GROWMAT<\/strong><\/h3>\n<p>&nbsp;<\/p>\n<p style=\"text-align: justify;\"><strong>Grupos objetivo del proyecto:<\/strong><\/p>\n<p style=\"text-align: justify;\"><strong>-Empresarios del sector de la Hosteler\u00eda y el Turismo,<\/strong><\/p>\n<p style=\"text-align: justify;\"><strong>-Trabajadores y estudiantes del sector de la Hosteler\u00eda y el Turismo,<\/strong><\/p>\n<p style=\"text-align: justify;\"><strong>-Formadores en emprendimiento y en Hosteler\u00eda y Turismo (o cualquier otro servicio vinculado a la atenci\u00f3n al cliente).<\/strong><\/p>\n<p>[\/lab_scroll_box][vc_empty_space][vc_custom_heading text=\u00bbAlojamiento\u00bb font_container=\u00bbtag:h2|text_align:right\u00bb google_fonts=\u00bbfont_family:Roboto%20Condensed%3A300%2C300italic%2Cregular%2Citalic%2C700%2C700italic|font_style:400%20italic%3A400%3Aitalic\u00bb][\/vc_column_inner][\/vc_row_inner][\/vc_tta_section][vc_tta_section title=\u00bbAbout GROWMAT\u00bb tab_id=\u00bb1493812255420-39497b2e-4520&#8243;][vc_row_inner][vc_column_inner width=\u00bb1\/3&#8243;][vc_single_image image=\u00bb170&#8243; img_size=\u00bb350&#215;350&#8243; alignment=\u00bbcenter\u00bb][\/vc_column_inner][vc_column_inner width=\u00bb2\/3&#8243;][lab_scroll_box scroll_height=\u00bb300&#8243;]<\/p>\n<h3 style=\"text-align: justify;\"><strong>La Innovaci\u00f3n en GROWMAT<\/strong><\/h3>\n<p>&nbsp;<\/p>\n<p style=\"text-align: justify;\"><strong>La innovaci\u00f3n del proyecto reside en la combinaci\u00f3n de habilidades de la asociaci\u00f3n, para ello se dise\u00f1ar\u00e1 un plan de estudios basado en la metodolog\u00eda de co-creaci\u00f3n y acordada entre todos los pa\u00edses. Adem\u00e1s, las nuevas metodolog\u00edas de aprendizaje (plataforma de aprendizaje on line) y las actividades relacionadas con la accesibilidad pondr\u00e1n de manifiesto el enfoque innovador del proyecto.<\/strong><\/p>\n<p>[\/lab_scroll_box][vc_empty_space][vc_custom_heading text=\u00bbCo-creaci\u00f3n\u00bb font_container=\u00bbtag:h2|text_align:right\u00bb google_fonts=\u00bbfont_family:Roboto%20Condensed%3A300%2C300italic%2Cregular%2Citalic%2C700%2C700italic|font_style:400%20italic%3A400%3Aitalic\u00bb][\/vc_column_inner][\/vc_row_inner][\/vc_tta_section][\/vc_tta_pageable][vc_column_text]<\/p>\n<h4 style=\"text-align: center;\"><strong><a href=\"https:\/\/growmat.eu\/about\/\">Mas informaci\u00f3n&#8230;<\/a><\/strong><\/h4>\n<p>[\/vc_column_text][vc_separator color=\u00bbcustom\u00bb accent_color=\u00bb#594b97&#8243;][\/vc_column][\/vc_row][vc_row][vc_column][vc_custom_heading text=\u00bbNoticias\u00bb font_container=\u00bbtag:h2|text_align:center|color:%23594b97&#8243; use_theme_fonts=\u00bbyes\u00bb][\/vc_column][\/vc_row][vc_row][vc_column][vc_empty_space height=\u00bb20px\u00bb][vc_basic_grid post_type=\u00bbpost\u00bb max_items=\u00bb3&#8243; item=\u00bb130&#8243; grid_id=\u00bbvc_gid:1550232382875-2510d6a3-6301-8&#8243; taxonomies=\u00bb46, 45&#8243;][vc_empty_space height=\u00bb50px\u00bb][\/vc_column][\/vc_row]<\/p>\n<\/section>","protected":false},"excerpt":{"rendered":"<p>[vc_row full_width=\u00bbstretch_row\u00bb css=\u00bb.vc_custom_1550232422863{background-position: center !important;background-repeat: no-repeat !important;background-size: cover !important;}\u00bb][vc_column offset=\u00bbvc_col-lg-12&#8243;][\/vc_column][\/vc_row][vc_row css=\u00bb.vc_custom_1494239165863{margin: 0px !important;border-width: 0px !important;padding: 0px !important;}\u00bb][vc_column][vc_empty_space height=\u00bb30px\u00bb][vc_separator color=\u00bbviolet\u00bb][vc_empty_space height=\u00bb30px\u00bb][vc_row_inner][vc_column_inner][vc_column_text] GROWMAT &nbsp; &#8230;es un proyecto europeo, que se inici\u00f3 en diciembre de 2016. El proyecto tiene como objetivo crear nuevas oportunidades de negocio en el sector del turismo accesible permitiendo extender la estacionalidad y atender&hellip;<\/p>\n","protected":false},"author":1,"featured_media":0,"parent":0,"menu_order":0,"comment_status":"closed","ping_status":"closed","template":"","meta":[],"acf":[],"yoast_head":"<!-- This site is optimized with the Yoast SEO plugin v20.10 - https:\/\/yoast.com\/wordpress\/plugins\/seo\/ -->\n<title>Home - Accessible Tourism for Seniors<\/title>\n<meta name=\"robots\" content=\"index, follow, max-snippet:-1, max-image-preview:large, max-video-preview:-1\" \/>\n<link rel=\"canonical\" href=\"https:\/\/growmat.eu\/es\/\" \/>\n<meta property=\"og:locale\" content=\"es_ES\" \/>\n<meta property=\"og:type\" content=\"article\" \/>\n<meta property=\"og:title\" content=\"Home - Accessible Tourism for Seniors\" \/>\n<meta property=\"og:description\" content=\"[vc_row full_width=\u00bbstretch_row\u00bb css=\u00bb.vc_custom_1550232422863{background-position: center !important;background-repeat: no-repeat !important;background-size: cover !important;}\u00bb][vc_column offset=\u00bbvc_col-lg-12&#8243;][\/vc_column][\/vc_row][vc_row css=\u00bb.vc_custom_1494239165863{margin: 0px !important;border-width: 0px !important;padding: 0px !important;}\u00bb][vc_column][vc_empty_space height=\u00bb30px\u00bb][vc_separator color=\u00bbviolet\u00bb][vc_empty_space height=\u00bb30px\u00bb][vc_row_inner][vc_column_inner][vc_column_text] GROWMAT &nbsp; &#8230;es un proyecto europeo, que se inici\u00f3 en diciembre de 2016. El proyecto tiene como objetivo crear nuevas oportunidades de negocio en el sector del turismo accesible permitiendo extender la estacionalidad y atender&hellip;\" \/>\n<meta property=\"og:url\" content=\"https:\/\/growmat.eu\/es\/\" \/>\n<meta property=\"og:site_name\" content=\"Accessible Tourism for Seniors\" \/>\n<meta property=\"article:modified_time\" content=\"2019-03-01T10:09:02+00:00\" \/>\n<meta name=\"twitter:card\" content=\"summary_large_image\" \/>\n<meta name=\"twitter:label1\" content=\"Tiempo de lectura\" \/>\n\t<meta name=\"twitter:data1\" content=\"5 minutos\" \/>\n<script type=\"application\/ld+json\" class=\"yoast-schema-graph\">{\"@context\":\"https:\/\/schema.org\",\"@graph\":[{\"@type\":\"WebPage\",\"@id\":\"https:\/\/growmat.eu\/es\/\",\"url\":\"https:\/\/growmat.eu\/es\/\",\"name\":\"Home - Accessible Tourism for Seniors\",\"isPartOf\":{\"@id\":\"https:\/\/growmat.eu\/#website\"},\"datePublished\":\"2019-02-06T13:46:47+00:00\",\"dateModified\":\"2019-03-01T10:09:02+00:00\",\"breadcrumb\":{\"@id\":\"https:\/\/growmat.eu\/es\/#breadcrumb\"},\"inLanguage\":\"es\",\"potentialAction\":[{\"@type\":\"ReadAction\",\"target\":[\"https:\/\/growmat.eu\/es\/\"]}]},{\"@type\":\"BreadcrumbList\",\"@id\":\"https:\/\/growmat.eu\/es\/#breadcrumb\",\"itemListElement\":[{\"@type\":\"ListItem\",\"position\":1,\"name\":\"Home\",\"item\":\"https:\/\/growmat.eu\/es\/\"},{\"@type\":\"ListItem\",\"position\":2,\"name\":\"Home\"}]},{\"@type\":\"WebSite\",\"@id\":\"https:\/\/growmat.eu\/#website\",\"url\":\"https:\/\/growmat.eu\/\",\"name\":\"Accessible Tourism for Seniors\",\"description\":\"GROWMAT\",\"potentialAction\":[{\"@type\":\"SearchAction\",\"target\":{\"@type\":\"EntryPoint\",\"urlTemplate\":\"https:\/\/growmat.eu\/?s={search_term_string}\"},\"query-input\":\"required name=search_term_string\"}],\"inLanguage\":\"es\"}]}<\/script>\n<!-- \/ Yoast SEO plugin. -->","yoast_head_json":{"title":"Home - Accessible Tourism for Seniors","robots":{"index":"index","follow":"follow","max-snippet":"max-snippet:-1","max-image-preview":"max-image-preview:large","max-video-preview":"max-video-preview:-1"},"canonical":"https:\/\/growmat.eu\/es\/","og_locale":"es_ES","og_type":"article","og_title":"Home - Accessible Tourism for Seniors","og_description":"[vc_row full_width=\u00bbstretch_row\u00bb css=\u00bb.vc_custom_1550232422863{background-position: center !important;background-repeat: no-repeat !important;background-size: cover !important;}\u00bb][vc_column offset=\u00bbvc_col-lg-12&#8243;][\/vc_column][\/vc_row][vc_row css=\u00bb.vc_custom_1494239165863{margin: 0px !important;border-width: 0px !important;padding: 0px !important;}\u00bb][vc_column][vc_empty_space height=\u00bb30px\u00bb][vc_separator color=\u00bbviolet\u00bb][vc_empty_space height=\u00bb30px\u00bb][vc_row_inner][vc_column_inner][vc_column_text] GROWMAT &nbsp; &#8230;es un proyecto europeo, que se inici\u00f3 en diciembre de 2016. El proyecto tiene como objetivo crear nuevas oportunidades de negocio en el sector del turismo accesible permitiendo extender la estacionalidad y atender&hellip;","og_url":"https:\/\/growmat.eu\/es\/","og_site_name":"Accessible Tourism for Seniors","article_modified_time":"2019-03-01T10:09:02+00:00","twitter_card":"summary_large_image","twitter_misc":{"Tiempo de lectura":"5 minutos"},"schema":{"@context":"https:\/\/schema.org","@graph":[{"@type":"WebPage","@id":"https:\/\/growmat.eu\/es\/","url":"https:\/\/growmat.eu\/es\/","name":"Home - Accessible Tourism for Seniors","isPartOf":{"@id":"https:\/\/growmat.eu\/#website"},"datePublished":"2019-02-06T13:46:47+00:00","dateModified":"2019-03-01T10:09:02+00:00","breadcrumb":{"@id":"https:\/\/growmat.eu\/es\/#breadcrumb"},"inLanguage":"es","potentialAction":[{"@type":"ReadAction","target":["https:\/\/growmat.eu\/es\/"]}]},{"@type":"BreadcrumbList","@id":"https:\/\/growmat.eu\/es\/#breadcrumb","itemListElement":[{"@type":"ListItem","position":1,"name":"Home","item":"https:\/\/growmat.eu\/es\/"},{"@type":"ListItem","position":2,"name":"Home"}]},{"@type":"WebSite","@id":"https:\/\/growmat.eu\/#website","url":"https:\/\/growmat.eu\/","name":"Accessible Tourism for Seniors","description":"GROWMAT","potentialAction":[{"@type":"SearchAction","target":{"@type":"EntryPoint","urlTemplate":"https:\/\/growmat.eu\/?s={search_term_string}"},"query-input":"required name=search_term_string"}],"inLanguage":"es"}]}},"_links":{"self":[{"href":"https:\/\/growmat.eu\/es\/wp-json\/wp\/v2\/pages\/1394"}],"collection":[{"href":"https:\/\/growmat.eu\/es\/wp-json\/wp\/v2\/pages"}],"about":[{"href":"https:\/\/growmat.eu\/es\/wp-json\/wp\/v2\/types\/page"}],"author":[{"embeddable":true,"href":"https:\/\/growmat.eu\/es\/wp-json\/wp\/v2\/users\/1"}],"replies":[{"embeddable":true,"href":"https:\/\/growmat.eu\/es\/wp-json\/wp\/v2\/comments?post=1394"}],"version-history":[{"count":1,"href":"https:\/\/growmat.eu\/es\/wp-json\/wp\/v2\/pages\/1394\/revisions"}],"predecessor-version":[{"id":2056,"href":"https:\/\/growmat.eu\/es\/wp-json\/wp\/v2\/pages\/1394\/revisions\/2056"}],"wp:attachment":[{"href":"https:\/\/growmat.eu\/es\/wp-json\/wp\/v2\/media?parent=1394"}],"curies":[{"name":"wp","href":"https:\/\/api.w.org\/{rel}","templated":true}]}}