{"id":1921,"date":"2019-02-26T10:22:44","date_gmt":"2019-02-26T10:22:44","guid":{"rendered":"https:\/\/growmat.eu\/?page_id=1921"},"modified":"2019-02-26T10:22:44","modified_gmt":"2019-02-26T10:22:44","slug":"about","status":"publish","type":"page","link":"https:\/\/growmat.eu\/fi\/about\/","title":{"rendered":"About"},"content":{"rendered":"<section class=\"wpb-content-wrapper\"><p>[vc_row][vc_column][vc_tta_pageable no_fill_content_area=&#8221;1&#8243; autoplay=&#8221;5&#8243; active_section=&#8221;1&#8243; pagination_color=&#8221;purple&#8221; tab_position=&#8221;top&#8221; css_animation=&#8221;slideInRight&#8221;][vc_tta_section title=&#8221;GROWMAT &#8211; hankkeesta&#8221; tab_id=&#8221;1493810809812-9a45073c-5698&#8243;][vc_row_inner][vc_column_inner width=&#8221;1\/3&#8243;][vc_single_image image=&#8221;165&#8243; img_size=&#8221;350&#215;350&#8243; alignment=&#8221;center&#8221;][\/vc_column_inner][vc_column_inner width=&#8221;2\/3&#8243;][lab_scroll_box scroll_height=&#8221;300&#8243;]<\/p>\n<h3 style=\"text-align: justify;\"><strong>GROWMAT &#8211; hankkeesta<\/strong><\/h3>\n<p>&nbsp;<\/p>\n<p style=\"text-align: justify;\"><strong>Ohjelman konseptina on luoda koulutuskokonaisuus tai kurssi, jossa on eri toteutukset matkailu- ja vieraanvaraisuusalan yritt\u00e4jille, koulutuksen tarjoajille ja oikeastaan kenelle tahansa, joka kohtaa asiakaspalvelutilanteissa erilaisia ihmisi\u00e4, joilla o esteett\u00f6myyteen liittyvi\u00e4 erikoistoiveita.<\/strong><\/p>\n<p style=\"text-align: justify;\"><strong>GROWMAT \u2013konsepti toteutetaan yhdeks\u00e4n eri partnerin voimin kuudessa Euroopan unionin j\u00e4senvaltiossa. Toteuttajilla on erilaista osaamista ja kokemusta tarjota koulutusta erilaislle ryhmille kuten ik\u00e4\u00e4ntyville ja yritt\u00e4jille.<\/strong><\/p>\n<p>[\/lab_scroll_box][vc_empty_space][vc_custom_heading text=&#8221;Tietoisuus esteett\u00f6myydest\u00e4&#8221; font_container=&#8221;tag:h2|text_align:right&#8221; google_fonts=&#8221;font_family:Roboto%20Condensed%3A300%2C300italic%2Cregular%2Citalic%2C700%2C700italic|font_style:400%20italic%3A400%3Aitalic&#8221;][\/vc_column_inner][\/vc_row_inner][\/vc_tta_section][vc_tta_section title=&#8221;GROWMAT \u2013 hankkeen tavoitteet&#8221; tab_id=&#8221;1493812260928-0d4d128e-a0c3&#8243;][vc_row_inner equal_height=&#8221;yes&#8221;][vc_column_inner width=&#8221;1\/3&#8243;][vc_single_image image=&#8221;172&#8243; img_size=&#8221;350&#215;350&#8243; alignment=&#8221;center&#8221;][\/vc_column_inner][vc_column_inner width=&#8221;2\/3&#8243;][lab_scroll_box scroll_height=&#8221;300&#8243;]<\/p>\n<h3 style=\"text-align: justify;\"><strong>GROWMAT \u2013 hankkeen tavoitteet<\/strong><\/h3>\n<p>&nbsp;<\/p>\n<p style=\"text-align: justify;\"><strong>Hankkeen p\u00e4\u00e4tavoitteet ovat seuraavat:<\/strong><\/p>\n<p style=\"text-align: justify;\"><strong>-tarjota koulutusta yritt\u00e4jille esteett\u00f6myydest\u00e4 sek\u00e4 koulutusta muille esteett\u00f6myydest\u00e4 ilmi\u00f6n\u00e4 ja lis\u00e4t\u00e4 ihmisten tietoisuutta siit\u00e4,<\/strong><\/p>\n<p style=\"text-align: justify;\"><strong>-avata ik\u00e4\u00e4ntyneiden matkailulle uusia mahdollisuuksia hiljaisempien sesonkien aikana,<\/strong><\/p>\n<p style=\"text-align: justify;\"><strong>-rakentaa uusia yhteisty\u00f6muotoja koulutuksenj\u00e4rjest\u00e4jien, yritysten ja erilaisten alan j\u00e4rjest\u00f6jen v\u00e4lille,<\/strong><\/p>\n<p style=\"text-align: justify;\"><strong>-tukea esteett\u00f6m\u00e4n matkailun liiketoiminnan kehitt\u00e4mist\u00e4 ja nostaa esteett\u00f6myyden profiilia.<\/strong><\/p>\n<p>[\/lab_scroll_box][vc_empty_space][vc_custom_heading text=&#8221;Liiketoimintamahdollisuudet&#8221; font_container=&#8221;tag:h2|text_align:right&#8221; google_fonts=&#8221;font_family:Roboto%20Condensed%3A300%2C300italic%2Cregular%2Citalic%2C700%2C700italic|font_style:400%20italic%3A400%3Aitalic&#8221;][\/vc_column_inner][\/vc_row_inner][\/vc_tta_section][vc_tta_section title=&#8221;GROWMAT \u2013 hankkeen kohderyhm\u00e4t&#8221; tab_id=&#8221;1493812258499-3fc784ac-f701&#8243;][vc_row_inner][vc_column_inner width=&#8221;1\/3&#8243;][vc_single_image image=&#8221;171&#8243; img_size=&#8221;350&#215;350&#8243; alignment=&#8221;center&#8221;][\/vc_column_inner][vc_column_inner width=&#8221;2\/3&#8243;][lab_scroll_box scroll_height=&#8221;300&#8243;]<\/p>\n<h3 style=\"text-align: justify;\"><strong>GROWMAT \u2013 hankkeen kohderyhm\u00e4t<\/strong><\/h3>\n<p>&nbsp;<\/p>\n<p style=\"text-align: justify;\"><strong>Hankkeen kohderyhm\u00e4t:<\/strong><\/p>\n<p style=\"text-align: justify;\"><strong>-Matkailu- ja vieraanvaraisuuslan yritykset,<\/strong><\/p>\n<p style=\"text-align: justify;\"><strong>-Matkailu- ja vieraanvaraisuusalalla ty\u00f6skentelev\u00e4t ja alaa opiskelevat,<\/strong><\/p>\n<p style=\"text-align: justify;\"><strong>-Yritt\u00e4jyys- sek\u00e4 matkailu- ja vieraanvaraisuusalan kouluttajat (my\u00f6s muut asiakaspalvelualat).<\/strong><\/p>\n<p>[\/lab_scroll_box][vc_empty_space][vc_custom_heading text=&#8221;Vieraanvaraisuus&#8221; font_container=&#8221;tag:h2|text_align:right&#8221; google_fonts=&#8221;font_family:Roboto%20Condensed%3A300%2C300italic%2Cregular%2Citalic%2C700%2C700italic|font_style:400%20italic%3A400%3Aitalic&#8221;][\/vc_column_inner][\/vc_row_inner][\/vc_tta_section][vc_tta_section title=&#8221;GROWMAT &#8211; hankkeesta&#8221; tab_id=&#8221;1493812255420-39497b2e-4520&#8243;][vc_row_inner][vc_column_inner width=&#8221;1\/3&#8243;][vc_single_image image=&#8221;170&#8243; img_size=&#8221;350&#215;350&#8243; alignment=&#8221;center&#8221;][\/vc_column_inner][vc_column_inner width=&#8221;2\/3&#8243;][lab_scroll_box scroll_height=&#8221;300&#8243;]<\/p>\n<h3 style=\"text-align: justify;\"><strong>GROWMAT \u2013 hankkeen innovatiivisuus<\/strong><\/h3>\n<p>&nbsp;<\/p>\n<p style=\"text-align: justify;\"><strong>Hankkeen innovatiivisuus perustuu hankeverkoston j\u00e4senten erilaisiin osaamisiin. Hankkeessa kehitet\u00e4\u00e4n yhdess\u00e4 koulutuksen opetussis\u00e4lt\u00f6. Lis\u00e4ksi uudet oppimismenetelm\u00e4t, kuten digitaalinen oppimisalusta sek\u00e4 teht\u00e4v\u00e4t, jotka liittyv\u00e4t esteett\u00f6myyteen, korostavat koulutuksen innovatiivisuutta.<\/strong><\/p>\n<p>[\/lab_scroll_box][vc_empty_space][vc_custom_heading text=&#8221;Yhteiskehitt\u00e4minen&#8221; font_container=&#8221;tag:h2|text_align:right&#8221; google_fonts=&#8221;font_family:Roboto%20Condensed%3A300%2C300italic%2Cregular%2Citalic%2C700%2C700italic|font_style:400%20italic%3A400%3Aitalic&#8221;][\/vc_column_inner][\/vc_row_inner][\/vc_tta_section][\/vc_tta_pageable][vc_separator color=&#8221;custom&#8221; accent_color=&#8221;#594b97&#8243;][\/vc_column][\/vc_row][vc_row][vc_column][vc_empty_space][vc_column_text]<\/p>\n<h3 style=\"text-align: justify;\">Yhteenveto<\/h3>\n<p>&nbsp;<\/p>\n<p style=\"text-align: justify;\">Euroopan unionissa asuu yli 100 miljoonaa 55-80-vuotiasta, jotka edustavat l\u00e4hes 25 % unionin koko v\u00e4est\u00f6st\u00e4. V\u00e4est\u00f6rakenteen muutos jatkuu tulevaisuudessakin, mik\u00e4 lis\u00e4\u00e4 my\u00f6s alueen matkailukysynt\u00e4\u00e4 ja avaa matkailupalvelujen tuottajille uusia kohderyhmi\u00e4 ja markkinoita. Talouden heikkeneminen voi vaikuttaa enemm\u00e4n tu\u00f6ss\u00e4k\u00e4yviin kansalaisiin kuin jo el\u00e4kkeell\u00e4 oleviin. Euroopan unionissa nuorisoty\u00f6tt\u00f6mys on noin 24 %, mik\u00e4 on kaksi kertaa korkeampi kuin aikuisten ty\u00f6tt\u00f6myys. Itsens\u00e4 ty\u00f6llist\u00e4minen on nykyisin yksi keino irrottautua ty\u00f6tt\u00f6myydest\u00e4. Monet nuoret ovatkin kiinnostuneet yritt\u00e4jyydest\u00e4, mik\u00e4 ei aina kuitenkaan takaa s\u00e4\u00e4nn\u00f6llisi\u00e4 tuloja monista eri syist\u00e4. DG Enterprise and Industry (DG-ENTR), Euroopan komission yritys- ja teollisuustoiminnan p\u00e4\u00e4osasto tutki vuosina 2012-2013 esteett\u00f6m\u00e4n matkailun mahdollisuuksia unionissa. Tehty tutkimus vakuutti hankepartnerit siit\u00e4, ett\u00e4 esteett\u00f6m\u00e4ll\u00e4 matkailulla on valtava potentiaali kasvaa merkitt\u00e4v\u00e4ksi matkailun sektoriksi unionissa. Esteett\u00f6m\u00e4n matkailun kavu edist\u00e4\u00e4 nuorten ty\u00f6llistymist\u00e4 sek\u00e4 tarjoaa uusia liiketoimintamahdollisuuksia olemassa oleville ja uusille yrityksille.<\/p>\n<p>[\/vc_column_text][vc_separator color=&#8221;custom&#8221; accent_color=&#8221;#594b97&#8243;][vc_empty_space][vc_column_text]<\/p>\n<h3 style=\"text-align: justify;\"><strong>P\u00e4\u00e4tavoitteet:<\/strong><\/h3>\n<p>&nbsp;<\/p>\n<ol style=\"text-align: justify;\">\n<li>Tarjota esteett\u00f6myyteen liittyv\u00e4 koulutuskokonaisuus<\/li>\n<li>Tarjota modulaarinen yritt\u00e4jyyteen liittyv\u00e4 koulutuspaketti esteett\u00f6m\u00e4st\u00e4 matkailusta edist\u00e4m\u00e4\u00e4n liiketoiminnan kavua my\u00f6s sosiaalisille yrityksille (virtuaalikoulutus)<\/li>\n<li>Tarjota lyhytkurssi her\u00e4tt\u00e4m\u00e4\u00e4n tietoisuutta esteett\u00f6myydest\u00e4 osana matkailun ja vieraanvaraisuuden koulutusohjelmissa; lyhytkurssi on tarjolla my\u00f6s alan yhdistyksille<\/li>\n<li>Avata hiljaisempien sesonkien palvelutarjonta erityisesti vanhemmille matkailijoille<\/li>\n<li>Mahdollistaa yhteisty\u00f6 koulutuksen, liiketoiminnan, julkisten organisaatioiden, sosiaalisten yritysten ja hyv\u00e4ntekev\u00e4isyysj\u00e4rjest\u00f6jen v\u00e4lillle sek\u00e4 nostaa esteett\u00f6m\u00e4n matkailun tietoisuutta eri toimijoiden To create a business care for accessible tourism<\/li>\n<li>Nostaa esteett\u00f6myyden profiilia paikallisten, alueellisten, kansallisten ja eurooppalaisten verkostojen avulla. L\u00f6yt\u00e4\u00e4 parhaita k\u00e4yt\u00e4nteit\u00e4 esteett\u00f6myydest\u00e4 matkailu- ja hyvinvointielinkeinossa. Luoda online-verkosto- tai foorumi alan toimijoille. Rakentaa palveluja arvioiva ty\u00f6v\u00e4line, AccAdvisor, joka olisi samankaltainen kuin esim. TripAdvisor.<\/li>\n<\/ol>\n<p>[\/vc_column_text][vc_separator color=&#8221;custom&#8221; accent_color=&#8221;#594b97&#8243;][vc_empty_space][vc_column_text]<\/p>\n<h3 style=\"text-align: justify;\"><strong>Odotetut tulokset:\u00a0<\/strong><\/h3>\n<p>&nbsp;<\/p>\n<ul style=\"text-align: justify;\">\n<li>Esteett\u00f6m\u00e4n matkailun parhaiden k\u00e4yt\u00e4nteiden esitt\u00e4minen online \u2013verkossa tai foorumille<\/li>\n<li>Uusien k\u00e4yt\u00e4nteiden integraatio erityisesti matkailu- ja vieraanvaraisuusalalla<\/li>\n<li>Oppimismoduuli esteett\u00f6m\u00e4st\u00e4 matkailusta matkailu- ja vieraanvaraisuusalan opetussuunnitelmiin Euroopassa<\/li>\n<li>Euroopan unionin sertifikaatti, joka osoittaa mahdollislle ty\u00f6nantajalle ty\u00f6nhakijan esteett\u00f6m\u00e4n matkailun asiantuntijuuden<\/li>\n<li>Tietoisuuden her\u00e4tt\u00e4minen partnereissa, heid\u00e4n kollegoissaan ja muissa oppijoissa. Koulutuksia markkinoidaan. Oppijoita osallistuu kaikkiin koulutuksen moduuleihin \u2013 mukana on opiskelijoita ja yritysten ja muiden organisaatioiden edustajia. Modulit k\u00e4sittelev\u00e4t esteett\u00f6myytt\u00e4 ja yritt\u00e4jyytt\u00e4, ja ne toteutetaan verkko-opintoina, ty\u00f6pajoina ja seminaareina<\/li>\n<li>Eri koulutuksen tarjoajien oppimissis\u00e4ll\u00f6iss\u00e4 huomioidaan esteett\u00f6myys, mutta my\u00f6s yhdenvertaisuus ja monimuotoisuus<\/li>\n<li>Yritt\u00e4j\u00e4t avaavat uusia markkinoita, mik\u00e4 tarkoittaa my\u00f6s talouden kehittymist\u00e4 paikallisesti ja alueellisesti<\/li>\n<li>Uusien markkinoiden luominen vanhemmille ihmisille, jotka matkustavat p\u00e4\u00e4sesonkien<\/li>\n<li>Luotu modulaarinen koulutus verkossa, johon on vapaa p\u00e4\u00e4sy. Koulutus on tarjolla useammalla tasolla<\/li>\n<li>Rakennettu Online-verkosto ja\/tai -foorumi<\/li>\n<li>Esteett\u00f6myyden laatuleima, jota aletaan k\u00e4ytt\u00e4\u00e4 ja jonka k\u00e4ytt\u00f6\u00e4 jatketaan hankkeen p\u00e4\u00e4ttymisen j\u00e4lkeen<\/li>\n<li>Luottamusta nostetaan AccAdvisorilla, sovelluksella, joka tarjoaa tuotettavaa tietoa ja arviointeja palveluista ja niiden esteett\u00f6myydest\u00e4<\/li>\n<li>Asiakaspalvelu- ja palveluopinnoissa huomioidaan esteet\u00f6n matkailu<\/li>\n<li>Elinkeinoel\u00e4m\u00e4 huomio esteett\u00f6m\u00e4n matkailun toiminnoissaan<\/li>\n<li>Acc Advisor, laatuj\u00e4rjestelm\u00e4<\/li>\n<li>Internet \u2013 tai mobiilipohjainen sovellus<\/li>\n<\/ul>\n<p>[\/vc_column_text][vc_separator color=&#8221;custom&#8221; accent_color=&#8221;#594b97&#8243;][vc_empty_space][vc_column_text]<\/p>\n<h3>Kesto:<\/h3>\n<p>01.12.2016-31.03.2019<\/p>\n<p>[\/vc_column_text][vc_empty_space height=&#8221;40px&#8221;][\/vc_column][\/vc_row]<\/p>\n<\/section>","protected":false},"excerpt":{"rendered":"<p>[vc_row][vc_column][vc_tta_pageable no_fill_content_area=&#8221;1&#8243; autoplay=&#8221;5&#8243; active_section=&#8221;1&#8243; pagination_color=&#8221;purple&#8221; tab_position=&#8221;top&#8221; css_animation=&#8221;slideInRight&#8221;][vc_tta_section title=&#8221;GROWMAT &#8211; hankkeesta&#8221; tab_id=&#8221;1493810809812-9a45073c-5698&#8243;][vc_row_inner][vc_column_inner width=&#8221;1\/3&#8243;][vc_single_image image=&#8221;165&#8243; img_size=&#8221;350&#215;350&#8243; alignment=&#8221;center&#8221;][\/vc_column_inner][vc_column_inner width=&#8221;2\/3&#8243;][lab_scroll_box scroll_height=&#8221;300&#8243;] GROWMAT &#8211; hankkeesta &nbsp; Ohjelman konseptina on luoda koulutuskokonaisuus tai kurssi, jossa on eri toteutukset matkailu- ja vieraanvaraisuusalan yritt\u00e4jille, koulutuksen tarjoajille ja oikeastaan kenelle tahansa, joka kohtaa asiakaspalvelutilanteissa erilaisia ihmisi\u00e4, joilla o esteett\u00f6myyteen liittyvi\u00e4 erikoistoiveita. GROWMAT \u2013konsepti toteutetaan&hellip;<\/p>\n","protected":false},"author":1,"featured_media":0,"parent":0,"menu_order":0,"comment_status":"closed","ping_status":"closed","template":"","meta":[],"acf":[],"yoast_head":"<!-- This site is optimized with the Yoast SEO plugin v20.10 - https:\/\/yoast.com\/wordpress\/plugins\/seo\/ -->\n<title>About - Accessible Tourism for Seniors<\/title>\n<meta name=\"robots\" content=\"index, follow, max-snippet:-1, max-image-preview:large, max-video-preview:-1\" \/>\n<link rel=\"canonical\" href=\"https:\/\/growmat.eu\/fi\/about\/\" \/>\n<meta property=\"og:locale\" content=\"fi_FI\" \/>\n<meta property=\"og:type\" content=\"article\" \/>\n<meta property=\"og:title\" content=\"About - Accessible Tourism for Seniors\" \/>\n<meta property=\"og:description\" content=\"[vc_row][vc_column][vc_tta_pageable no_fill_content_area=&#8221;1&#8243; autoplay=&#8221;5&#8243; active_section=&#8221;1&#8243; pagination_color=&#8221;purple&#8221; tab_position=&#8221;top&#8221; css_animation=&#8221;slideInRight&#8221;][vc_tta_section title=&#8221;GROWMAT &#8211; hankkeesta&#8221; tab_id=&#8221;1493810809812-9a45073c-5698&#8243;][vc_row_inner][vc_column_inner width=&#8221;1\/3&#8243;][vc_single_image image=&#8221;165&#8243; img_size=&#8221;350&#215;350&#8243; alignment=&#8221;center&#8221;][\/vc_column_inner][vc_column_inner width=&#8221;2\/3&#8243;][lab_scroll_box scroll_height=&#8221;300&#8243;] GROWMAT &#8211; hankkeesta &nbsp; Ohjelman konseptina on luoda koulutuskokonaisuus tai kurssi, jossa on eri toteutukset matkailu- ja vieraanvaraisuusalan yritt\u00e4jille, koulutuksen tarjoajille ja oikeastaan kenelle tahansa, joka kohtaa asiakaspalvelutilanteissa erilaisia ihmisi\u00e4, joilla o esteett\u00f6myyteen liittyvi\u00e4 erikoistoiveita. GROWMAT \u2013konsepti toteutetaan&hellip;\" \/>\n<meta property=\"og:url\" content=\"https:\/\/growmat.eu\/fi\/about\/\" \/>\n<meta property=\"og:site_name\" content=\"Accessible Tourism for Seniors\" \/>\n<meta name=\"twitter:card\" content=\"summary_large_image\" \/>\n<meta name=\"twitter:label1\" content=\"Arvioitu lukuaika\" \/>\n\t<meta name=\"twitter:data1\" content=\"6 minuuttia\" \/>\n<script type=\"application\/ld+json\" class=\"yoast-schema-graph\">{\"@context\":\"https:\/\/schema.org\",\"@graph\":[{\"@type\":\"WebPage\",\"@id\":\"https:\/\/growmat.eu\/fi\/about\/\",\"url\":\"https:\/\/growmat.eu\/fi\/about\/\",\"name\":\"About - Accessible Tourism for Seniors\",\"isPartOf\":{\"@id\":\"https:\/\/growmat.eu\/#website\"},\"datePublished\":\"2019-02-26T10:22:44+00:00\",\"dateModified\":\"2019-02-26T10:22:44+00:00\",\"breadcrumb\":{\"@id\":\"https:\/\/growmat.eu\/fi\/about\/#breadcrumb\"},\"inLanguage\":\"fi\",\"potentialAction\":[{\"@type\":\"ReadAction\",\"target\":[\"https:\/\/growmat.eu\/fi\/about\/\"]}]},{\"@type\":\"BreadcrumbList\",\"@id\":\"https:\/\/growmat.eu\/fi\/about\/#breadcrumb\",\"itemListElement\":[{\"@type\":\"ListItem\",\"position\":1,\"name\":\"Home\",\"item\":\"https:\/\/growmat.eu\/fi\/\"},{\"@type\":\"ListItem\",\"position\":2,\"name\":\"About\"}]},{\"@type\":\"WebSite\",\"@id\":\"https:\/\/growmat.eu\/#website\",\"url\":\"https:\/\/growmat.eu\/\",\"name\":\"Accessible Tourism for Seniors\",\"description\":\"GROWMAT\",\"potentialAction\":[{\"@type\":\"SearchAction\",\"target\":{\"@type\":\"EntryPoint\",\"urlTemplate\":\"https:\/\/growmat.eu\/?s={search_term_string}\"},\"query-input\":\"required name=search_term_string\"}],\"inLanguage\":\"fi\"}]}<\/script>\n<!-- \/ Yoast SEO plugin. -->","yoast_head_json":{"title":"About - Accessible Tourism for Seniors","robots":{"index":"index","follow":"follow","max-snippet":"max-snippet:-1","max-image-preview":"max-image-preview:large","max-video-preview":"max-video-preview:-1"},"canonical":"https:\/\/growmat.eu\/fi\/about\/","og_locale":"fi_FI","og_type":"article","og_title":"About - Accessible Tourism for Seniors","og_description":"[vc_row][vc_column][vc_tta_pageable no_fill_content_area=&#8221;1&#8243; autoplay=&#8221;5&#8243; active_section=&#8221;1&#8243; pagination_color=&#8221;purple&#8221; tab_position=&#8221;top&#8221; css_animation=&#8221;slideInRight&#8221;][vc_tta_section title=&#8221;GROWMAT &#8211; hankkeesta&#8221; tab_id=&#8221;1493810809812-9a45073c-5698&#8243;][vc_row_inner][vc_column_inner width=&#8221;1\/3&#8243;][vc_single_image image=&#8221;165&#8243; img_size=&#8221;350&#215;350&#8243; alignment=&#8221;center&#8221;][\/vc_column_inner][vc_column_inner width=&#8221;2\/3&#8243;][lab_scroll_box scroll_height=&#8221;300&#8243;] GROWMAT &#8211; hankkeesta &nbsp; Ohjelman konseptina on luoda koulutuskokonaisuus tai kurssi, jossa on eri toteutukset matkailu- ja vieraanvaraisuusalan yritt\u00e4jille, koulutuksen tarjoajille ja oikeastaan kenelle tahansa, joka kohtaa asiakaspalvelutilanteissa erilaisia ihmisi\u00e4, joilla o esteett\u00f6myyteen liittyvi\u00e4 erikoistoiveita. GROWMAT \u2013konsepti toteutetaan&hellip;","og_url":"https:\/\/growmat.eu\/fi\/about\/","og_site_name":"Accessible Tourism for Seniors","twitter_card":"summary_large_image","twitter_misc":{"Arvioitu lukuaika":"6 minuuttia"},"schema":{"@context":"https:\/\/schema.org","@graph":[{"@type":"WebPage","@id":"https:\/\/growmat.eu\/fi\/about\/","url":"https:\/\/growmat.eu\/fi\/about\/","name":"About - Accessible Tourism for Seniors","isPartOf":{"@id":"https:\/\/growmat.eu\/#website"},"datePublished":"2019-02-26T10:22:44+00:00","dateModified":"2019-02-26T10:22:44+00:00","breadcrumb":{"@id":"https:\/\/growmat.eu\/fi\/about\/#breadcrumb"},"inLanguage":"fi","potentialAction":[{"@type":"ReadAction","target":["https:\/\/growmat.eu\/fi\/about\/"]}]},{"@type":"BreadcrumbList","@id":"https:\/\/growmat.eu\/fi\/about\/#breadcrumb","itemListElement":[{"@type":"ListItem","position":1,"name":"Home","item":"https:\/\/growmat.eu\/fi\/"},{"@type":"ListItem","position":2,"name":"About"}]},{"@type":"WebSite","@id":"https:\/\/growmat.eu\/#website","url":"https:\/\/growmat.eu\/","name":"Accessible Tourism for Seniors","description":"GROWMAT","potentialAction":[{"@type":"SearchAction","target":{"@type":"EntryPoint","urlTemplate":"https:\/\/growmat.eu\/?s={search_term_string}"},"query-input":"required name=search_term_string"}],"inLanguage":"fi"}]}},"_links":{"self":[{"href":"https:\/\/growmat.eu\/fi\/wp-json\/wp\/v2\/pages\/1921"}],"collection":[{"href":"https:\/\/growmat.eu\/fi\/wp-json\/wp\/v2\/pages"}],"about":[{"href":"https:\/\/growmat.eu\/fi\/wp-json\/wp\/v2\/types\/page"}],"author":[{"embeddable":true,"href":"https:\/\/growmat.eu\/fi\/wp-json\/wp\/v2\/users\/1"}],"replies":[{"embeddable":true,"href":"https:\/\/growmat.eu\/fi\/wp-json\/wp\/v2\/comments?post=1921"}],"version-history":[{"count":2,"href":"https:\/\/growmat.eu\/fi\/wp-json\/wp\/v2\/pages\/1921\/revisions"}],"predecessor-version":[{"id":1948,"href":"https:\/\/growmat.eu\/fi\/wp-json\/wp\/v2\/pages\/1921\/revisions\/1948"}],"wp:attachment":[{"href":"https:\/\/growmat.eu\/fi\/wp-json\/wp\/v2\/media?parent=1921"}],"curies":[{"name":"wp","href":"https:\/\/api.w.org\/{rel}","templated":true}]}}