{"id":1328,"date":"2019-02-06T10:11:24","date_gmt":"2019-02-06T10:11:24","guid":{"rendered":"https:\/\/neo.growmat.eu\/?page_id=1328"},"modified":"2019-02-06T10:27:35","modified_gmt":"2019-02-06T10:27:35","slug":"about","status":"publish","type":"page","link":"https:\/\/growmat.eu\/sl\/about\/","title":{"rendered":"About"},"content":{"rendered":"<section class=\"wpb-content-wrapper\"><p>[vc_row][vc_column][vc_tta_pageable no_fill_content_area=&#8221;1&#8243; autoplay=&#8221;5&#8243; active_section=&#8221;1&#8243; pagination_color=&#8221;purple&#8221; tab_position=&#8221;top&#8221; css_animation=&#8221;slideInRight&#8221;][vc_tta_section title=&#8221;O projektu GROWMAT&#8221; tab_id=&#8221;1493810809812-9a45073c-5698&#8243;][vc_row_inner][vc_column_inner width=&#8221;1\/3&#8243;][vc_single_image image=&#8221;165&#8243; img_size=&#8221;350&#215;350&#8243; alignment=&#8221;center&#8221;][\/vc_column_inner][vc_column_inner width=&#8221;2\/3&#8243;][lab_scroll_box scroll_height=&#8221;300&#8243;]<\/p>\n<h3 style=\"text-align: justify;\"><strong>O projektu GROWMAT<\/strong><\/h3>\n<p>&nbsp;<\/p>\n<p style=\"text-align: justify;\"><strong>Koncept programa je ustvarjanje izobra\u017eevalnih in izobra\u017eevalnih te\u010dajev za pomo\u010d podjetnikom v turizmu in gostinstvu, ponudnikom usposabljanja in na splo\u0161no vsem ljudem, ki so povezani s storitvami strank za zadovoljevanje potreb starej\u0161ih in spodbujanje dostopnosti.<\/strong><\/p>\n<p style=\"text-align: justify;\"><strong>GROWMAT bo izvajalo devet partnerjev iz razli\u010dnih evropskih dr\u017eav, ki imajo razli\u010dne spretnosti in izku\u0161nje pri usposabljanju skupin, kot so starej\u0161i in podjetniki.<\/strong><\/p>\n<p>[\/lab_scroll_box][vc_empty_space][vc_custom_heading text=&#8221;Ozave\u0161\u010danje o dostopnosti&#8221; font_container=&#8221;tag:h2|text_align:right&#8221; google_fonts=&#8221;font_family:Roboto%20Condensed%3A300%2C300italic%2Cregular%2Citalic%2C700%2C700italic|font_style:400%20italic%3A400%3Aitalic&#8221;][\/vc_column_inner][\/vc_row_inner][\/vc_tta_section][vc_tta_section title=&#8221;Cilji projekta GROWMAT&#8221; tab_id=&#8221;1493812260928-0d4d128e-a0c3&#8243;][vc_row_inner equal_height=&#8221;yes&#8221;][vc_column_inner width=&#8221;1\/3&#8243;][vc_single_image image=&#8221;172&#8243; img_size=&#8221;350&#215;350&#8243; alignment=&#8221;center&#8221;][\/vc_column_inner][vc_column_inner width=&#8221;2\/3&#8243;][lab_scroll_box scroll_height=&#8221;300&#8243;]<\/p>\n<h3 style=\"text-align: justify;\"><strong>Cilji projekta GROWMAT<\/strong><\/h3>\n<p>&nbsp;<\/p>\n<p style=\"text-align: justify;\"><strong>Glavni cilji programa so:<\/strong><\/p>\n<p style=\"text-align: justify;\"><strong>-usposabljanje izvajalcev s pomo\u010djo podjetni\u0161kega te\u010daja in te\u010daja za ozave\u0161\u010danje o dostopnosti,<\/strong><\/p>\n<p style=\"text-align: justify;\"><strong>-odprtje trga izven sezone za starej\u0161e osebe,<\/strong><\/p>\n<p style=\"text-align: justify;\"><strong>-vzpostavitev sodelovanja med izobra\u017eevanjem, podjetji, nevladnimi organizacijami, socialnimi podjetji in dobrodelnimi organizacijami,<\/strong><\/p>\n<p style=\"text-align: justify;\"><strong>-podpora oblikovanju poslovnega primera za dostopni turizem, da se pove\u010da prepoznavnost dostopnosti.<\/strong><\/p>\n<p>[\/lab_scroll_box][vc_empty_space][vc_custom_heading text=&#8221;Poslovne prilo\u017enosti&#8221; font_container=&#8221;tag:h2|text_align:right&#8221; google_fonts=&#8221;font_family:Roboto%20Condensed%3A300%2C300italic%2Cregular%2Citalic%2C700%2C700italic|font_style:400%20italic%3A400%3Aitalic&#8221;][\/vc_column_inner][\/vc_row_inner][\/vc_tta_section][vc_tta_section title=&#8221;Ciljne skupine projekta GROWMAT&#8221; tab_id=&#8221;1493812258499-3fc784ac-f701&#8243;][vc_row_inner][vc_column_inner width=&#8221;1\/3&#8243;][vc_single_image image=&#8221;171&#8243; img_size=&#8221;350&#215;350&#8243; alignment=&#8221;center&#8221;][\/vc_column_inner][vc_column_inner width=&#8221;2\/3&#8243;][lab_scroll_box scroll_height=&#8221;300&#8243;]<\/p>\n<h3 style=\"text-align: justify;\"><strong>Ciljne skupine projekta GROWMAT<\/strong><\/h3>\n<p>&nbsp;<\/p>\n<p style=\"text-align: justify;\"><strong>Program je namenjen:<\/strong><\/p>\n<p style=\"text-align: justify;\"><strong>-podjetnikom v turisti\u010dnem sektorju,<\/strong><\/p>\n<p style=\"text-align: justify;\"><strong>-posameznikom in \u0161tudentom, ki delajo v gostinstvu in turizmu,<\/strong><\/p>\n<p style=\"text-align: justify;\"><strong>-Izvajalcem usposabljanja v podjetni\u0161tvu, gostinstvu in turizmu (ali kateri koli slu\u017ebi za stranke).<\/strong><\/p>\n<p>[\/lab_scroll_box][vc_empty_space][vc_custom_heading text=&#8221;Gostinstvo&#8221; font_container=&#8221;tag:h2|text_align:right&#8221; google_fonts=&#8221;font_family:Roboto%20Condensed%3A300%2C300italic%2Cregular%2Citalic%2C700%2C700italic|font_style:400%20italic%3A400%3Aitalic&#8221;][\/vc_column_inner][\/vc_row_inner][\/vc_tta_section][vc_tta_section title=&#8221;O projektu GROWMAT&#8221; tab_id=&#8221;1493812255420-39497b2e-4520&#8243;][vc_row_inner][vc_column_inner width=&#8221;1\/3&#8243;][vc_single_image image=&#8221;170&#8243; img_size=&#8221;350&#215;350&#8243; alignment=&#8221;center&#8221;][\/vc_column_inner][vc_column_inner width=&#8221;2\/3&#8243;][lab_scroll_box scroll_height=&#8221;300&#8243;]<\/p>\n<h3 style=\"text-align: justify;\"><strong>Inovacija projekta GROWMAT<\/strong><\/h3>\n<p>&nbsp;<\/p>\n<p style=\"text-align: justify;\"><strong>Inovacija projekta izhaja iz me\u0161anice sposobnosti partnerjev. Tako bo oblikovan kurikulum za soustvarjanje te\u010dajev. Poleg tega bodo nove u\u010dne metode (platforma za e-u\u010denje) in dejavnosti v zvezi z dostopnostjo poudarile inovativni pristop programa.<\/strong><\/p>\n<p>[\/lab_scroll_box][vc_empty_space][vc_custom_heading text=&#8221;<em>Soustvarjanje<\/em>&#8221; font_container=&#8221;tag:h2|text_align:right&#8221; google_fonts=&#8221;font_family:Roboto%20Condensed%3A300%2C300italic%2Cregular%2Citalic%2C700%2C700italic|font_style:400%20italic%3A400%3Aitalic&#8221;][\/vc_column_inner][\/vc_row_inner][\/vc_tta_section][\/vc_tta_pageable][vc_separator color=&#8221;custom&#8221; accent_color=&#8221;#594b97&#8243;][\/vc_column][\/vc_row][vc_row][vc_column][vc_empty_space][vc_column_text]<\/p>\n<h3 style=\"text-align: justify;\"><strong>Povzetek<\/strong><\/h3>\n<p>&nbsp;<\/p>\n<p style=\"text-align: justify;\">Trenutno je v Evropski uniji ve\u010d kot milijon dr\u017eavljanov starih od 55 do 80 let, kar predstavlja pribli\u017eno 25% celotnega prebivalstva. Ta sprememba v demografiji povzro\u010da vse ve\u010dje povpra\u0161evanje po turizmu, ki odpira nove in nastajajo\u010de trge. Recesije so bolj prizadele mlaj\u0161e delavce kot starej\u0161e. Brezposelnost mladih v EU je 24%, kar je dvakrat ve\u010d kot stopnja brezposelnosti odraslih. Danes se samozaposlitev pogosto obravnava kot izhod iz brezposelnosti. Veliko mladih se loti podjetni\u0161tva z razli\u010dnimi stopnjami uspeha. DG Enterprise and Industry (DG-ENTR) je v obdobju 2012\u20132013 zgradilo celovito sliko o dostopnem turizmu v Evropski uniji. Ta raziskava je partnerje prepri\u010dala, da obstaja ogromen potencial za rast trga dostopnega turizma, ki mladim zagotavlja potrebno delo ter zagotavlja nove poslovne prilo\u017enosti novim in obstoje\u010dim podjetnikom.<\/p>\n<p>[\/vc_column_text][vc_separator color=&#8221;custom&#8221; accent_color=&#8221;#594b97&#8243;][vc_empty_space][vc_column_text]<\/p>\n<h3 style=\"text-align: justify;\"><strong>Glavni cilji:<\/strong><\/h3>\n<p>&nbsp;<\/p>\n<ol style=\"text-align: justify;\">\n<li>Zagotoviti usposabljanje za dostopnost<\/li>\n<li>Modularni podjetni\u0161ki te\u010daj za novo ali poslovno rast dostopnega turizma, vklju\u010dno s socialnim podjetjem (e-u\u010denje)<\/li>\n<li>Kratek te\u010daj o ozave\u0161\u010denosti o dostopnosti, ki ga je mogo\u010de vklju\u010diti v kurikulum za turizem in gostinstvo; na voljo tudi vsem dobrodelnim organizacijam ali nevladnim organizacijam<\/li>\n<li>Odpiranje trga zunaj sezone, zlasti za starej\u0161e<\/li>\n<li>Vzpostaviti sodelovanje med izobra\u017eevanjem, podjetji, nevladnimi organizacijami, socialnimi podjetji, dobrodelnimi ustanovami in podobnimi, da bi pove\u010dali ozave\u0161\u010denost o dostopnosti in zagotovili, da je dostopnost \u0161e naprej glavni interes<\/li>\n<li>Ustvariti poslovno skrb za dostopen turizem<\/li>\n<li>Pove\u010dati prepoznavnost dostopnosti prek lokalnih, regionalnih, nacionalnih in vseevropskih omre\u017eij; najti \u201eprvake\u201c (ambasadorje); ustvarjanje spletnega omre\u017eja \/ foruma; ustvarjanje izdelka za vrednotenje, AccAdvisor (aplikacija, podobna aplikaciji Trip Advisor v zvezi s pregledi dostopnosti).<\/li>\n<\/ol>\n<p>[\/vc_column_text][vc_separator color=&#8221;custom&#8221; accent_color=&#8221;#594b97&#8243;][vc_empty_space][vc_column_text]<\/p>\n<h3 style=\"text-align: justify;\"><strong>Pri\u010dakovani rezultati:\u00a0<\/strong><\/h3>\n<p>&nbsp;<\/p>\n<ul style=\"text-align: justify;\">\n<li>Prvaki dostopnosti, z uporabo spletnega omre\u017eja \/ foruma<\/li>\n<li>Povezovanje novih praks, zlasti v gostinstvu in turizmu<\/li>\n<li>Standardni modul za dostopnost v gostinskem in turisti\u010dnem kurikulumu, ki bi ga lahko uporabili kjerkoli v Evropi<\/li>\n<li>Standardni certifikat EU; posameznik s tem certifikatom bi moral biti obravnavan kot sredstvo njihovega ali potencialnega delodajalca<\/li>\n<li>Ozave\u0161\u010denost vseh partnerjev, njihovih sodelavcev, u\u010diteljev in drugih udele\u017eencev; te\u010daji usposabljanja. U\u010denci vseh treh modulov &#8211; \u0161tudenti turizma in gostinstva, podjetni\u0161ki te\u010daji, seminarji oz. delavnice o ozave\u0161\u010danju o dostopnosti<\/li>\n<li>Ljudje bodo usposobljeni za dostopnost; u\u010diteljem za usposabljanje dodali kurikulum za enakost in raznolikost<\/li>\n<li>Podjetniki odpirajo nove trge; gospodarski razvoj mesta, obmo\u010dja, regije<\/li>\n<li>Ustvarjanje novega trga zahvaljujo\u010d starej\u0161im ljudem, ki potujejo izven sezone<\/li>\n<li>Izdelan je modularni te\u010daj in odprt spletni dostop na razli\u010dnih ravneh, za ve\u010d modulov<\/li>\n<li>Spletno omre\u017eje \/ forum<\/li>\n<li>Znak kakovosti in oznaka; vidljivost in za\u010detek uporabe; nadaljevati kot trajnostni rezultat<\/li>\n<li>Zaupanje, ki ga spro\u017ei AccAdvisor, aplikacija, ki zagotavlja po\u0161tene informacije in vrednotenje<\/li>\n<li>Kurikulum za kupce in storitve, prilagojen zavedanju o dostopnosti<\/li>\n<li>Gospodarski sektor se je pove\u010dal in vklju\u010dil dostopen turizem<\/li>\n<li>Acc Advisor, sistem za pregled kakovosti<\/li>\n<li>App (web and\/or mobile)<\/li>\n<\/ul>\n<p>[\/vc_column_text][vc_separator color=&#8221;custom&#8221; accent_color=&#8221;#594b97&#8243;][vc_empty_space][vc_column_text]<\/p>\n<h3><strong>Trajanje:<\/strong><\/h3>\n<p>01.12.2016-31.03.2019<\/p>\n<p>[\/vc_column_text][vc_empty_space height=&#8221;40px&#8221;][\/vc_column][\/vc_row]<\/p>\n<\/section>","protected":false},"excerpt":{"rendered":"<p>[vc_row][vc_column][vc_tta_pageable no_fill_content_area=&#8221;1&#8243; autoplay=&#8221;5&#8243; active_section=&#8221;1&#8243; pagination_color=&#8221;purple&#8221; tab_position=&#8221;top&#8221; css_animation=&#8221;slideInRight&#8221;][vc_tta_section title=&#8221;O projektu GROWMAT&#8221; tab_id=&#8221;1493810809812-9a45073c-5698&#8243;][vc_row_inner][vc_column_inner width=&#8221;1\/3&#8243;][vc_single_image image=&#8221;165&#8243; img_size=&#8221;350&#215;350&#8243; alignment=&#8221;center&#8221;][\/vc_column_inner][vc_column_inner width=&#8221;2\/3&#8243;][lab_scroll_box scroll_height=&#8221;300&#8243;] O projektu GROWMAT &nbsp; Koncept programa je ustvarjanje izobra\u017eevalnih in izobra\u017eevalnih te\u010dajev za pomo\u010d podjetnikom v turizmu in gostinstvu, ponudnikom usposabljanja in na splo\u0161no vsem ljudem, ki so povezani s storitvami strank za zadovoljevanje potreb starej\u0161ih in spodbujanje&hellip;<\/p>\n","protected":false},"author":1,"featured_media":0,"parent":0,"menu_order":0,"comment_status":"closed","ping_status":"closed","template":"","meta":[],"acf":[],"yoast_head":"<!-- This site is optimized with the Yoast SEO plugin v20.10 - https:\/\/yoast.com\/wordpress\/plugins\/seo\/ -->\n<title>About - Accessible Tourism for Seniors<\/title>\n<meta name=\"robots\" content=\"index, follow, max-snippet:-1, max-image-preview:large, max-video-preview:-1\" \/>\n<link rel=\"canonical\" href=\"https:\/\/growmat.eu\/sl\/about\/\" \/>\n<meta property=\"og:locale\" content=\"sl_SI\" \/>\n<meta property=\"og:type\" content=\"article\" \/>\n<meta property=\"og:title\" content=\"About - Accessible Tourism for Seniors\" \/>\n<meta property=\"og:description\" content=\"[vc_row][vc_column][vc_tta_pageable no_fill_content_area=&#8221;1&#8243; autoplay=&#8221;5&#8243; active_section=&#8221;1&#8243; pagination_color=&#8221;purple&#8221; tab_position=&#8221;top&#8221; css_animation=&#8221;slideInRight&#8221;][vc_tta_section title=&#8221;O projektu GROWMAT&#8221; tab_id=&#8221;1493810809812-9a45073c-5698&#8243;][vc_row_inner][vc_column_inner width=&#8221;1\/3&#8243;][vc_single_image image=&#8221;165&#8243; img_size=&#8221;350&#215;350&#8243; alignment=&#8221;center&#8221;][\/vc_column_inner][vc_column_inner width=&#8221;2\/3&#8243;][lab_scroll_box scroll_height=&#8221;300&#8243;] O projektu GROWMAT &nbsp; Koncept programa je ustvarjanje izobra\u017eevalnih in izobra\u017eevalnih te\u010dajev za pomo\u010d podjetnikom v turizmu in gostinstvu, ponudnikom usposabljanja in na splo\u0161no vsem ljudem, ki so povezani s storitvami strank za zadovoljevanje potreb starej\u0161ih in spodbujanje&hellip;\" \/>\n<meta property=\"og:url\" content=\"https:\/\/growmat.eu\/sl\/about\/\" \/>\n<meta property=\"og:site_name\" content=\"Accessible Tourism for Seniors\" \/>\n<meta property=\"article:modified_time\" content=\"2019-02-06T10:27:35+00:00\" \/>\n<meta name=\"twitter:card\" content=\"summary_large_image\" \/>\n<meta name=\"twitter:label1\" content=\"Est. reading time\" \/>\n\t<meta name=\"twitter:data1\" content=\"6 minut\" \/>\n<script type=\"application\/ld+json\" class=\"yoast-schema-graph\">{\"@context\":\"https:\/\/schema.org\",\"@graph\":[{\"@type\":\"WebPage\",\"@id\":\"https:\/\/growmat.eu\/sl\/about\/\",\"url\":\"https:\/\/growmat.eu\/sl\/about\/\",\"name\":\"About - Accessible Tourism for Seniors\",\"isPartOf\":{\"@id\":\"https:\/\/growmat.eu\/#website\"},\"datePublished\":\"2019-02-06T10:11:24+00:00\",\"dateModified\":\"2019-02-06T10:27:35+00:00\",\"breadcrumb\":{\"@id\":\"https:\/\/growmat.eu\/sl\/about\/#breadcrumb\"},\"inLanguage\":\"sl-SI\",\"potentialAction\":[{\"@type\":\"ReadAction\",\"target\":[\"https:\/\/growmat.eu\/sl\/about\/\"]}]},{\"@type\":\"BreadcrumbList\",\"@id\":\"https:\/\/growmat.eu\/sl\/about\/#breadcrumb\",\"itemListElement\":[{\"@type\":\"ListItem\",\"position\":1,\"name\":\"Home\",\"item\":\"https:\/\/growmat.eu\/sl\/\"},{\"@type\":\"ListItem\",\"position\":2,\"name\":\"About\"}]},{\"@type\":\"WebSite\",\"@id\":\"https:\/\/growmat.eu\/#website\",\"url\":\"https:\/\/growmat.eu\/\",\"name\":\"Accessible Tourism for Seniors\",\"description\":\"GROWMAT\",\"potentialAction\":[{\"@type\":\"SearchAction\",\"target\":{\"@type\":\"EntryPoint\",\"urlTemplate\":\"https:\/\/growmat.eu\/?s={search_term_string}\"},\"query-input\":\"required name=search_term_string\"}],\"inLanguage\":\"sl-SI\"}]}<\/script>\n<!-- \/ Yoast SEO plugin. -->","yoast_head_json":{"title":"About - Accessible Tourism for Seniors","robots":{"index":"index","follow":"follow","max-snippet":"max-snippet:-1","max-image-preview":"max-image-preview:large","max-video-preview":"max-video-preview:-1"},"canonical":"https:\/\/growmat.eu\/sl\/about\/","og_locale":"sl_SI","og_type":"article","og_title":"About - Accessible Tourism for Seniors","og_description":"[vc_row][vc_column][vc_tta_pageable no_fill_content_area=&#8221;1&#8243; autoplay=&#8221;5&#8243; active_section=&#8221;1&#8243; pagination_color=&#8221;purple&#8221; tab_position=&#8221;top&#8221; css_animation=&#8221;slideInRight&#8221;][vc_tta_section title=&#8221;O projektu GROWMAT&#8221; tab_id=&#8221;1493810809812-9a45073c-5698&#8243;][vc_row_inner][vc_column_inner width=&#8221;1\/3&#8243;][vc_single_image image=&#8221;165&#8243; img_size=&#8221;350&#215;350&#8243; alignment=&#8221;center&#8221;][\/vc_column_inner][vc_column_inner width=&#8221;2\/3&#8243;][lab_scroll_box scroll_height=&#8221;300&#8243;] O projektu GROWMAT &nbsp; Koncept programa je ustvarjanje izobra\u017eevalnih in izobra\u017eevalnih te\u010dajev za pomo\u010d podjetnikom v turizmu in gostinstvu, ponudnikom usposabljanja in na splo\u0161no vsem ljudem, ki so povezani s storitvami strank za zadovoljevanje potreb starej\u0161ih in spodbujanje&hellip;","og_url":"https:\/\/growmat.eu\/sl\/about\/","og_site_name":"Accessible Tourism for Seniors","article_modified_time":"2019-02-06T10:27:35+00:00","twitter_card":"summary_large_image","twitter_misc":{"Est. reading time":"6 minut"},"schema":{"@context":"https:\/\/schema.org","@graph":[{"@type":"WebPage","@id":"https:\/\/growmat.eu\/sl\/about\/","url":"https:\/\/growmat.eu\/sl\/about\/","name":"About - Accessible Tourism for Seniors","isPartOf":{"@id":"https:\/\/growmat.eu\/#website"},"datePublished":"2019-02-06T10:11:24+00:00","dateModified":"2019-02-06T10:27:35+00:00","breadcrumb":{"@id":"https:\/\/growmat.eu\/sl\/about\/#breadcrumb"},"inLanguage":"sl-SI","potentialAction":[{"@type":"ReadAction","target":["https:\/\/growmat.eu\/sl\/about\/"]}]},{"@type":"BreadcrumbList","@id":"https:\/\/growmat.eu\/sl\/about\/#breadcrumb","itemListElement":[{"@type":"ListItem","position":1,"name":"Home","item":"https:\/\/growmat.eu\/sl\/"},{"@type":"ListItem","position":2,"name":"About"}]},{"@type":"WebSite","@id":"https:\/\/growmat.eu\/#website","url":"https:\/\/growmat.eu\/","name":"Accessible Tourism for Seniors","description":"GROWMAT","potentialAction":[{"@type":"SearchAction","target":{"@type":"EntryPoint","urlTemplate":"https:\/\/growmat.eu\/?s={search_term_string}"},"query-input":"required name=search_term_string"}],"inLanguage":"sl-SI"}]}},"_links":{"self":[{"href":"https:\/\/growmat.eu\/sl\/wp-json\/wp\/v2\/pages\/1328"}],"collection":[{"href":"https:\/\/growmat.eu\/sl\/wp-json\/wp\/v2\/pages"}],"about":[{"href":"https:\/\/growmat.eu\/sl\/wp-json\/wp\/v2\/types\/page"}],"author":[{"embeddable":true,"href":"https:\/\/growmat.eu\/sl\/wp-json\/wp\/v2\/users\/1"}],"replies":[{"embeddable":true,"href":"https:\/\/growmat.eu\/sl\/wp-json\/wp\/v2\/comments?post=1328"}],"version-history":[{"count":0,"href":"https:\/\/growmat.eu\/sl\/wp-json\/wp\/v2\/pages\/1328\/revisions"}],"wp:attachment":[{"href":"https:\/\/growmat.eu\/sl\/wp-json\/wp\/v2\/media?parent=1328"}],"curies":[{"name":"wp","href":"https:\/\/api.w.org\/{rel}","templated":true}]}}