{"id":2201,"date":"2019-05-07T16:32:11","date_gmt":"2019-05-07T16:32:11","guid":{"rendered":"https:\/\/growmat.eu\/?page_id=2201"},"modified":"2019-05-07T16:32:11","modified_gmt":"2019-05-07T16:32:11","slug":"nalepka","status":"publish","type":"page","link":"https:\/\/growmat.eu\/sl\/nalepka\/","title":{"rendered":"Nalepka"},"content":{"rendered":"<section class=\"wpb-content-wrapper\"><p>[vc_row][vc_column][vc_empty_space height=&#8221;75px&#8221;][vc_custom_heading text=&#8221;Nalepka&#8221; font_container=&#8221;tag:h2|text_align:center&#8221; use_theme_fonts=&#8221;yes&#8221;][vc_empty_space][vc_column_text]<\/p>\n<p style=\"text-align: center;\">Prenesite naslednjo nalepko, da prika\u017eete ljudi, ki jim je v\u0161e\u010d GROWMAT in dostopnost<\/p>\n<p>[\/vc_column_text][\/vc_column][\/vc_row][vc_row][vc_column][vc_single_image image=&#8221;2176&#8243; img_size=&#8221;medium&#8221; alignment=&#8221;center&#8221; onclick=&#8221;kalium_lightbox&#8221;][vc_btn title=&#8221;Prenos v obliki PDF&#8221; style=&#8221;outline-custom&#8221; outline_custom_color=&#8221;#594a96&#8243; outline_custom_hover_background=&#8221;#594a96&#8243; outline_custom_hover_text=&#8221;#ffffff&#8221; align=&#8221;center&#8221; link=&#8221;url:https%3A%2F%2Fgrowmat.eu%2Fwp-content%2Fuploads%2F2019%2F05%2FGrowmat_Sticker_final.pdf||target:%20_blank|&#8221;][\/vc_column][\/vc_row]<\/p>\n<\/section>","protected":false},"excerpt":{"rendered":"<p>[vc_row][vc_column][vc_empty_space height=&#8221;75px&#8221;][vc_custom_heading text=&#8221;Nalepka&#8221; font_container=&#8221;tag:h2|text_align:center&#8221; use_theme_fonts=&#8221;yes&#8221;][vc_empty_space][vc_column_text] Prenesite naslednjo nalepko, da prika\u017eete ljudi, ki jim je v\u0161e\u010d GROWMAT in dostopnost [\/vc_column_text][\/vc_column][\/vc_row][vc_row][vc_column][vc_single_image image=&#8221;2176&#8243; img_size=&#8221;medium&#8221; alignment=&#8221;center&#8221; onclick=&#8221;kalium_lightbox&#8221;][vc_btn title=&#8221;Prenos v obliki PDF&#8221; style=&#8221;outline-custom&#8221; outline_custom_color=&#8221;#594a96&#8243; outline_custom_hover_background=&#8221;#594a96&#8243; outline_custom_hover_text=&#8221;#ffffff&#8221; align=&#8221;center&#8221; link=&#8221;url:https%3A%2F%2Fgrowmat.eu%2Fwp-content%2Fuploads%2F2019%2F05%2FGrowmat_Sticker_final.pdf||target:%20_blank|&#8221;][\/vc_column][\/vc_row]<\/p>\n","protected":false},"author":1,"featured_media":0,"parent":0,"menu_order":0,"comment_status":"closed","ping_status":"closed","template":"","meta":[],"acf":[],"yoast_head":"<!-- This site is optimized with the Yoast SEO plugin v20.10 - https:\/\/yoast.com\/wordpress\/plugins\/seo\/ -->\n<title>Nalepka - Accessible Tourism for Seniors<\/title>\n<meta name=\"robots\" content=\"index, follow, max-snippet:-1, max-image-preview:large, max-video-preview:-1\" \/>\n<link rel=\"canonical\" href=\"https:\/\/growmat.eu\/sl\/nalepka\/\" \/>\n<meta property=\"og:locale\" content=\"sl_SI\" \/>\n<meta property=\"og:type\" content=\"article\" \/>\n<meta property=\"og:title\" content=\"Nalepka - Accessible Tourism for Seniors\" \/>\n<meta property=\"og:description\" content=\"[vc_row][vc_column][vc_empty_space height=&#8221;75px&#8221;][vc_custom_heading text=&#8221;Nalepka&#8221; font_container=&#8221;tag:h2|text_align:center&#8221; use_theme_fonts=&#8221;yes&#8221;][vc_empty_space][vc_column_text] Prenesite naslednjo nalepko, da prika\u017eete ljudi, ki jim je v\u0161e\u010d GROWMAT in dostopnost [\/vc_column_text][\/vc_column][\/vc_row][vc_row][vc_column][vc_single_image image=&#8221;2176&#8243; img_size=&#8221;medium&#8221; alignment=&#8221;center&#8221; onclick=&#8221;kalium_lightbox&#8221;][vc_btn title=&#8221;Prenos v obliki PDF&#8221; style=&#8221;outline-custom&#8221; outline_custom_color=&#8221;#594a96&#8243; outline_custom_hover_background=&#8221;#594a96&#8243; outline_custom_hover_text=&#8221;#ffffff&#8221; align=&#8221;center&#8221; link=&#8221;url:https%3A%2F%2Fgrowmat.eu%2Fwp-content%2Fuploads%2F2019%2F05%2FGrowmat_Sticker_final.pdf||target:%20_blank|&#8221;][\/vc_column][\/vc_row]\" \/>\n<meta property=\"og:url\" content=\"https:\/\/growmat.eu\/sl\/nalepka\/\" \/>\n<meta property=\"og:site_name\" content=\"Accessible Tourism for Seniors\" \/>\n<meta name=\"twitter:card\" content=\"summary_large_image\" \/>\n<meta name=\"twitter:label1\" content=\"Est. reading time\" \/>\n\t<meta name=\"twitter:data1\" content=\"1 minuta\" \/>\n<script type=\"application\/ld+json\" class=\"yoast-schema-graph\">{\"@context\":\"https:\/\/schema.org\",\"@graph\":[{\"@type\":\"WebPage\",\"@id\":\"https:\/\/growmat.eu\/sl\/nalepka\/\",\"url\":\"https:\/\/growmat.eu\/sl\/nalepka\/\",\"name\":\"Nalepka - Accessible Tourism for Seniors\",\"isPartOf\":{\"@id\":\"https:\/\/growmat.eu\/#website\"},\"datePublished\":\"2019-05-07T16:32:11+00:00\",\"dateModified\":\"2019-05-07T16:32:11+00:00\",\"breadcrumb\":{\"@id\":\"https:\/\/growmat.eu\/sl\/nalepka\/#breadcrumb\"},\"inLanguage\":\"sl-SI\",\"potentialAction\":[{\"@type\":\"ReadAction\",\"target\":[\"https:\/\/growmat.eu\/sl\/nalepka\/\"]}]},{\"@type\":\"BreadcrumbList\",\"@id\":\"https:\/\/growmat.eu\/sl\/nalepka\/#breadcrumb\",\"itemListElement\":[{\"@type\":\"ListItem\",\"position\":1,\"name\":\"Home\",\"item\":\"https:\/\/growmat.eu\/sl\/\"},{\"@type\":\"ListItem\",\"position\":2,\"name\":\"Nalepka\"}]},{\"@type\":\"WebSite\",\"@id\":\"https:\/\/growmat.eu\/#website\",\"url\":\"https:\/\/growmat.eu\/\",\"name\":\"Accessible Tourism for Seniors\",\"description\":\"GROWMAT\",\"potentialAction\":[{\"@type\":\"SearchAction\",\"target\":{\"@type\":\"EntryPoint\",\"urlTemplate\":\"https:\/\/growmat.eu\/?s={search_term_string}\"},\"query-input\":\"required name=search_term_string\"}],\"inLanguage\":\"sl-SI\"}]}<\/script>\n<!-- \/ Yoast SEO plugin. -->","yoast_head_json":{"title":"Nalepka - Accessible Tourism for Seniors","robots":{"index":"index","follow":"follow","max-snippet":"max-snippet:-1","max-image-preview":"max-image-preview:large","max-video-preview":"max-video-preview:-1"},"canonical":"https:\/\/growmat.eu\/sl\/nalepka\/","og_locale":"sl_SI","og_type":"article","og_title":"Nalepka - Accessible Tourism for Seniors","og_description":"[vc_row][vc_column][vc_empty_space height=&#8221;75px&#8221;][vc_custom_heading text=&#8221;Nalepka&#8221; font_container=&#8221;tag:h2|text_align:center&#8221; use_theme_fonts=&#8221;yes&#8221;][vc_empty_space][vc_column_text] Prenesite naslednjo nalepko, da prika\u017eete ljudi, ki jim je v\u0161e\u010d GROWMAT in dostopnost [\/vc_column_text][\/vc_column][\/vc_row][vc_row][vc_column][vc_single_image image=&#8221;2176&#8243; img_size=&#8221;medium&#8221; alignment=&#8221;center&#8221; onclick=&#8221;kalium_lightbox&#8221;][vc_btn title=&#8221;Prenos v obliki PDF&#8221; style=&#8221;outline-custom&#8221; outline_custom_color=&#8221;#594a96&#8243; outline_custom_hover_background=&#8221;#594a96&#8243; outline_custom_hover_text=&#8221;#ffffff&#8221; align=&#8221;center&#8221; link=&#8221;url:https%3A%2F%2Fgrowmat.eu%2Fwp-content%2Fuploads%2F2019%2F05%2FGrowmat_Sticker_final.pdf||target:%20_blank|&#8221;][\/vc_column][\/vc_row]","og_url":"https:\/\/growmat.eu\/sl\/nalepka\/","og_site_name":"Accessible Tourism for Seniors","twitter_card":"summary_large_image","twitter_misc":{"Est. reading time":"1 minuta"},"schema":{"@context":"https:\/\/schema.org","@graph":[{"@type":"WebPage","@id":"https:\/\/growmat.eu\/sl\/nalepka\/","url":"https:\/\/growmat.eu\/sl\/nalepka\/","name":"Nalepka - Accessible Tourism for Seniors","isPartOf":{"@id":"https:\/\/growmat.eu\/#website"},"datePublished":"2019-05-07T16:32:11+00:00","dateModified":"2019-05-07T16:32:11+00:00","breadcrumb":{"@id":"https:\/\/growmat.eu\/sl\/nalepka\/#breadcrumb"},"inLanguage":"sl-SI","potentialAction":[{"@type":"ReadAction","target":["https:\/\/growmat.eu\/sl\/nalepka\/"]}]},{"@type":"BreadcrumbList","@id":"https:\/\/growmat.eu\/sl\/nalepka\/#breadcrumb","itemListElement":[{"@type":"ListItem","position":1,"name":"Home","item":"https:\/\/growmat.eu\/sl\/"},{"@type":"ListItem","position":2,"name":"Nalepka"}]},{"@type":"WebSite","@id":"https:\/\/growmat.eu\/#website","url":"https:\/\/growmat.eu\/","name":"Accessible Tourism for Seniors","description":"GROWMAT","potentialAction":[{"@type":"SearchAction","target":{"@type":"EntryPoint","urlTemplate":"https:\/\/growmat.eu\/?s={search_term_string}"},"query-input":"required name=search_term_string"}],"inLanguage":"sl-SI"}]}},"_links":{"self":[{"href":"https:\/\/growmat.eu\/sl\/wp-json\/wp\/v2\/pages\/2201"}],"collection":[{"href":"https:\/\/growmat.eu\/sl\/wp-json\/wp\/v2\/pages"}],"about":[{"href":"https:\/\/growmat.eu\/sl\/wp-json\/wp\/v2\/types\/page"}],"author":[{"embeddable":true,"href":"https:\/\/growmat.eu\/sl\/wp-json\/wp\/v2\/users\/1"}],"replies":[{"embeddable":true,"href":"https:\/\/growmat.eu\/sl\/wp-json\/wp\/v2\/comments?post=2201"}],"version-history":[{"count":1,"href":"https:\/\/growmat.eu\/sl\/wp-json\/wp\/v2\/pages\/2201\/revisions"}],"predecessor-version":[{"id":2202,"href":"https:\/\/growmat.eu\/sl\/wp-json\/wp\/v2\/pages\/2201\/revisions\/2202"}],"wp:attachment":[{"href":"https:\/\/growmat.eu\/sl\/wp-json\/wp\/v2\/media?parent=2201"}],"curies":[{"name":"wp","href":"https:\/\/api.w.org\/{rel}","templated":true}]}}